{"id":95,"date":"2022-01-27T10:58:29","date_gmt":"2022-01-27T10:58:29","guid":{"rendered":"http:\/\/cognito.mprinsdesign.nl\/?page_id=95"},"modified":"2026-04-27T11:34:08","modified_gmt":"2026-04-27T11:34:08","slug":"kompleks","status":"publish","type":"page","link":"https:\/\/salvia-sanpedro.com\/pl\/kompleks\/","title":{"rendered":"Salvia San Pedro"},"content":{"rendered":"<section class=\"wpb-content-wrapper\"><div  class=\"content_row row page-content vc_row wpb_row  default-style fullwidth\" >\n\t\n\t<div class=\"content_row_wrapper  default\" >\n\t<div id=\"asdasd\" class=\"vc_col-sm-12 wpb_column vc_column_container\" >\n\t<div class=\"vc_column-inner\">\n\t\t<div class=\"wpb_wrapper\" >\n\t\t\t<div class=\"rt_heading_wrapper no-style\">\n\t\t\t\t\t\t<h1 class=\"rt_heading  no-style\"  style=\"font-size:24px;margin-top:24px;margin-bottom:0px;\">Salwia \u2013 San Pedro \u2013 <span class=\"after_h1\">Benalmadena. Od 865 000 \u20ac (26.05)<\/span><\/h1> \n\t\t\t\t\t<\/div><div class=\"vc_empty_space\"   style=\"height: 32px\"><span class=\"vc_empty_space_inner\"><\/span><\/div><div class=\"vc_separator wpb_content_element vc_separator_align_center vc_sep_width_100 vc_sep_style-4 vc_sep_pos_align_center vc_separator_no_text vc_sep_color_grey\" ><span class=\"vc_sep_holder vc_sep_holder_l\"><span class=\"vc_sep_line\"><\/span><\/span><span class=\"vc_sep_holder vc_sep_holder_r\"><span class=\"vc_sep_line\"><\/span><\/span>\n<\/div><div class=\"vc_empty_space\"   style=\"height: 32px\"><span class=\"vc_empty_space_inner\"><\/span><\/div>\n\t<div class=\"wpb_text_column wpb_content_element\" >\n\t\t<div class=\"wpb_wrapper\">\n\t\t\t<div class=\"\">\n<p><span style=\"font-weight: 400;\">Salvia San Pedro to ekskluzywna wsp\u00f3lnota mieszkaniowa zlokalizowana w San Pedro de Alcantaria, w samym sercu Costa del Sol. O\u015brodek po\u0142o\u017cony w niewielkiej odleg\u0142o\u015bci od pla\u017cy i morza, blisko Marbelli i Puerto Banus. Ten nowoczesny kompleks mieszkaniowy oferuje unikalne po\u0142\u0105czenie designu, komfortu i dost\u0119pu do pi\u0119knych pla\u017c, takich jak pla\u017ca San Pedro i Playa de Cortijo Blanco.<\/span><\/p>\n<p><b>O BEACH RESORT SALVIA SAN PEDRO<\/b><\/p>\n<p>&nbsp;<\/p>\n<p><b><i>Ekskluzywna wsp\u00f3lnota mieszkaniowa, w kt\u00f3rej nawi\u0105zujesz przyja\u017anie<\/i><\/b><\/p>\n<p><span style=\"font-weight: 400;\">Mieszka\u0144cy Sslvia San Predro <\/span><span style=\"font-weight: 400;\">s\u0105 cz\u0119\u015bci\u0105 ekskluzywnej i ciep\u0142ej wsp\u00f3lnoty mieszkaniowej. Wa\u017cn\u0105 cz\u0119\u015bci\u0105 tej filozofii s\u0105 wsp\u00f3lne przestrzenie, od nowoczesnych przestrzeni coworkingowych po orze\u017awiaj\u0105cy basen, bujne zielone ogrody i w pe\u0142ni wyposa\u017con\u0105 sal\u0119 fitness. Wszystko zaprojektowane, aby tworzy\u0107 po\u0142\u0105czenia i promowa\u0107 Twoje dobre samopoczucie. Twoja w\u0142asna, znana dzielnica mieszkaniowa o wysokim stopniu sp\u00f3jno\u015bci spo\u0142ecznej; poczucie bezpiecze\u0144stwa, solidarno\u015b\u0107 i wiele miejsc wsp\u00f3lnych spotka\u0144.\u00a0<\/span><\/p>\n<p>&nbsp;<\/p>\n<p><b><i>Trwa\u0142a i wysokiej jako\u015bci konstrukcja\u00a0<\/i><\/b><\/p>\n<p><span style=\"font-weight: 400;\">Zbudowany z dba\u0142o\u015bci\u0105 o jako\u015b\u0107 i zr\u00f3wnowa\u017cony rozw\u00f3j, Salvia San Pedro oferuje szereg udogodnie\u0144 i udogodnie\u0144 maj\u0105cych na celu wzbogacenie \u017cycia jego mieszka\u0144c\u00f3w.\u00a0<\/span><\/p>\n<p><span style=\"font-weight: 400;\">Kompleks Salvia San Pedro to przyk\u0142ad nowoczesnej elegancji, zaprojektowanej z dba\u0142o\u015bci\u0105 o szczeg\u00f3\u0142y i niezr\u00f3wnanych wra\u017ce\u0144 \u017cyciowych. Apartamenty s\u0105 przestronne, z wysokimi sufitami i du\u017cymi oknami, kt\u00f3re wpuszczaj\u0105 naturalne \u015bwiat\u0142o i zapewniaj\u0105 mieszka\u0144com zapieraj\u0105ce dech w piersiach widoki. Ka\u017cdy dom oferuje p\u0142ynne przej\u015bcie z wn\u0119trza na zewn\u0105trz z du\u017cymi prywatnymi tarasami, kt\u00f3re zach\u0119caj\u0105 do relaksu w delikatnej morskiej bryzie.<\/span><\/p>\n<p><span style=\"font-weight: 400;\">Niewiele luksusowych kompleks\u00f3w apartamentowych premium mo\u017ce pochwali\u0107 si\u0119 jako\u015bci\u0105 specyfikacji, jak\u0105 oferuje Marbella Beach Resort. Materia\u0142y i akcesoria s\u0105 najwy\u017cszej jako\u015bci, od klimatyzacji aerotermalnej po du\u017ce p\u0142ytki pod\u0142ogowe, designerskie kuchnie, wysokiej jako\u015bci sprz\u0119t AGD, akcesoria \u0142azienkowe i armatur\u0119 w apartamentach. Szlachetne materia\u0142y, takie jak drewno i kamie\u0144, uzupe\u0142niaj\u0105 wsp\u00f3\u0142czesny design i wprowadzaj\u0105 do wizji atrakcyjne uczucie naturalnego ciep\u0142a.<\/span><\/p>\n<p><span style=\"font-weight: 400;\">Nowoczesny design, obfita ziele\u0144 z rodzimymi ro\u015blinami i zr\u00f3wnowa\u017cone obiekty p\u0142ynnie si\u0119 ze sob\u0105 \u0142\u0105cz\u0105 i wyznaczaj\u0105 z\u0142oty standard luksusu i spokoju.\u00a0<\/span><\/p>\n<p>&nbsp;<\/p>\n<p><b>Przestrzenie wsp\u00f3lne z bogatym wyposa\u017ceniem w zielonej oazie<\/b><\/p>\n<p><i><span style=\"font-weight: 400;\">Basen ze s\u0142on\u0105 wod\u0105 i brodzikiem dla dzieci<\/span><\/i><\/p>\n<p><span style=\"font-weight: 400;\">Zr\u00f3wnowa\u017cony basen ze s\u0142on\u0105 wod\u0105 jest atrakcj\u0105 przez ca\u0142y rok, odbijaj\u0105c\u0105 b\u0142\u0119kit \u015br\u00f3dziemnomorskiego nieba, a obfite zielone nasadzenia w ogrodach p\u0142ynnie komponuj\u0105 si\u0119 z zielonym otoczeniem. Ka\u017cdy szczeg\u00f3\u0142 zosta\u0142 starannie dobrany, aby stworzy\u0107 to sanktuarium spokoju i harmonii.Za\u017cyj wi\u0119c orze\u017awiaj\u0105cej k\u0105pieli w krystalicznie czystej wodzie basenu lub rozkoszuj si\u0119 s\u0142o\u0144cem na przestronnym tarasie s\u0142onecznym, podczas gdy najm\u0142odsi pluskaj\u0105 si\u0119 w bezpiecznym pokoju dla dzieci basen.<\/span><\/p>\n<p>&nbsp;<\/p>\n<p><i><span style=\"font-weight: 400;\">Ogrody krajobrazowe<\/span><\/i><\/p>\n<p><span style=\"font-weight: 400;\">Spaceruj po bujnych, zielonych ogrodach z bujnymi rodzimymi ro\u015blinami. Oaza spokoju, gdzie zapach kwitn\u0105cego ja\u015bminu i delikatny szum faluj\u0105cej wody koj\u0105 zmys\u0142y.<\/span><\/p>\n<p><i><span style=\"font-weight: 400;\">Centrum fitness i spa<\/span><\/i><\/p>\n<p><span style=\"font-weight: 400;\">Codziennie do Pa\u0144stwa dyspozycji jest w pe\u0142ni wyposa\u017cona si\u0142ownia i spa. Zadbaj o form\u0119 i zrelaksuj si\u0119, korzystaj\u0105c z najnowocze\u015bniejszego sprz\u0119tu fitness i zacisznej strefy spa, w kt\u00f3rej mo\u017cesz uciec od zgie\u0142ku.<\/span><\/p>\n<p><i><span style=\"font-weight: 400;\">Ochrona i us\u0142ugi concierge<\/span><\/i><\/p>\n<p><span style=\"font-weight: 400;\">Poczuj spok\u00f3j ducha dzi\u0119ki ca\u0142odobowej ochronie i dedykowanej us\u0142udze konsjer\u017ca, gotowej spe\u0142ni\u0107 wszystkie Twoje potrzeby, od rezerwacji w restauracji po organizacj\u0119 transportu.<\/span><\/p>\n<p>&nbsp;<\/p>\n<p><b><i>Apartamenty i penthouse\u2019y \u2013 od 2 do 4 sypialni<\/i><\/b><\/p>\n<p><span style=\"font-weight: 400;\">Ten ekskluzywny kompleks apartament\u00f3w oferuje najnowocze\u015bniejsze udogodnienia dostosowane do potrzeb wymagaj\u0105cych os\u00f3b. Od 2 do 4 sypialni, apartament\u00f3w i penthouse&#039;\u00f3w, z przestronnymi wn\u0119trzami do 195 m2 i fantastycznymi tarasami do 189 m2, ka\u017cdy apartament jest \u015bwiadectwem wsp\u00f3\u0142czesnego designu i elegancji. Do ka\u017cdego domu w cenie minimum jedno miejsce postojowe i kom\u00f3rka lokatorska. Nasze pomieszczenia og\u00f3lnodost\u0119pne s\u0105 nie mniej imponuj\u0105ce, zanurz si\u0119 w najnowocze\u015bniejszych udogodnieniach, takich jak dedykowana przestrze\u0144 coworkingowa dla nowoczesnych profesjonalist\u00f3w, punkty \u0142adowania pojazd\u00f3w elektrycznych dla ekologicznego, krytego basenu z podgrzewan\u0105 wod\u0105 oraz w pe\u0142ni wyposa\u017cona si\u0142ownia i spa. Kompleks jest ca\u0142kowicie zamkni\u0119ty, z bezpieczn\u0105 bram\u0105 wjazdow\u0105 i kontroln\u0105.<\/span><\/p>\n<p><b><i>Ceny Beach Resort Salvia San Pedro<\/i><\/b><\/p>\n<pre><span style=\"font-weight: 400;\">04\/2026 Ceny zakupu (bez VAT 10%) i m\u00b2 przedstawiaj\u0105 si\u0119 nast\u0119puj\u0105co:<\/span><\/pre>\n<ul>\n<li style=\"font-weight: 400;\" aria-level=\"1\">\n<p style=\"font-weight: 400;\"><strong>2 sypialnie \u2013 wyprzedane<\/strong><\/p>\n<\/li>\n<li style=\"font-weight: 400;\" aria-level=\"1\">\n<p style=\"font-weight: 400;\"><strong>Apartamenty z 3 sypialniami i 2 \u0142azienkami maj\u0105 powierzchni\u0119 143 m\u00b2 i taras o powierzchni 20 m\u00b2. Ceny od 845 000 euro.<\/strong><\/p>\n<\/li>\n<li style=\"font-weight: 400;\" aria-level=\"1\">\n<p style=\"font-weight: 400;\"><strong>Apartamenty z czterema sypialniami i trzema \u0142azienkami maj\u0105 powierzchni\u0119 213 m\u00b2 i taras o powierzchni 28 m\u00b2. Ceny zaczynaj\u0105 si\u0119 od 980 000 euro.<\/strong><\/p>\n<\/li>\n<li style=\"font-weight: 400;\" aria-level=\"1\">\n<p style=\"font-weight: 400;\"><strong>Penthouse&#039;y z 3 sypialniami i 2 \u0142azienkami maj\u0105 powierzchni\u0119 189 m\u00b2 i taras o powierzchni 35 m\u00b2. Ceny od 1 175 000 euro.<\/strong><\/p>\n<\/li>\n<li><strong>Penthouse&#039;y z czterema sypialniami i trzema \u0142azienkami maj\u0105 powierzchni\u0119 341 m\u00b2 i taras o powierzchni 35 m\u00b2. Ceny zaczynaj\u0105 si\u0119 od 1 175 000 euro.<\/strong><\/li>\n<\/ul>\n<\/div>\n\n\t\t<\/div>\n\t<\/div>\n\n\t\t<\/div>\n\t<\/div>\n\t<\/div>\n\n<\/div>\n<\/div>\n\n<div  class=\"content_row row page-content vc_row wpb_row  default-style fullwidth\" style=\"background-color: #bbac8c;\">\n\t\n\t<div class=\"content_row_wrapper  default\" >\n\t<div id=\"asdasd\" class=\"vc_col-sm-12 wpb_column vc_column_container\" >\n\t<div class=\"vc_column-inner\">\n\t\t<div class=\"wpb_wrapper\" >\n\t\t\t<div class=\"rt_heading_wrapper no-style\">\n\t\t\t\t\t\t<h1 class=\"rt_heading  no-style\"  style=\"font-size:24px;margin-top:24px;margin-bottom:0px;\">Cechy - <span class=\"after_h1 white\">Sza\u0142wia pospolita San Pedro<\/span><\/h1> \n\t\t\t\t\t<\/div><div class=\"vc_empty_space\"   style=\"height: 32px\"><span class=\"vc_empty_space_inner\"><\/span><\/div><div class=\"vc_separator wpb_content_element vc_separator_align_center vc_sep_width_100 vc_sep_style-4 vc_sep_pos_align_center vc_separator_no_text vc_sep_color_grey\" ><span class=\"vc_sep_holder vc_sep_holder_l\"><span class=\"vc_sep_line\"><\/span><\/span><span class=\"vc_sep_holder vc_sep_holder_r\"><span class=\"vc_sep_line\"><\/span><\/span>\n<\/div>\n\t<div class=\"wpb_text_column wpb_content_element\" >\n\t\t<div class=\"wpb_wrapper\">\n\t\t\t\t \n\t\t<div  class=\"bullet-list style-1  check\">\n\t\t<ul>\n<li><span style=\"font-weight: 400;\">luksusowy kompleks apartament\u00f3w premium<\/span><\/li>\n<li><span style=\"font-weight: 400;\">przestronne wn\u0119trza do 195 m2 i fantastyczne tarasy do 189 m2<\/span><\/li>\n<li>2, 3 i 4 sypialnie<\/li>\n<li><span style=\"font-weight: 400;\">przestronne, z wysokimi sufitami i du\u017cymi oknami<\/span><\/li>\n<li><span style=\"font-weight: 400;\">zielone ogrody z bujn\u0105 rodzim\u0105 ro\u015blinno\u015bci\u0105<\/span><\/li>\n<li><span style=\"font-weight: 400;\">przynajmniej jedno miejsce parkingowe<\/span><\/li>\n<li>ceny od 540 000 euro.<\/li>\n<\/ul>\n\n\t\t<\/div>\n\t\n\n\t\t<\/div>\n\t<\/div>\n\n\t\t<\/div>\n\t<\/div>\n\t<\/div>\n\n<\/div>\n<\/div>\n\n<div  class=\"content_row row quote-row vc_row wpb_row  default-style fullwidth\" style=\"background-color: #fcfcfc;\">\n\t\n\t<div class=\"content_row_wrapper  fullwidth\" >\n\t<div id=\"asdasd\" class=\"vc_col-sm-12 wpb_column vc_column_container vc_custom_1644925648982\" >\n\t<div class=\"vc_column-inner\">\n\t\t<div class=\"wpb_wrapper\" >\n\t\t\t<div class=\"rt_heading_wrapper style-3\">\n\t\t\t\t\t\t<h4 class=\"rt_heading serif quote-max-width style-3\" >Pakiet informacyjny SALVIA SAN PEDRO <a href=\"https:\/\/salvia-sanpedro.com\/pl\/wiecej-informacji\/\"> Popro\u015b o broszur\u0119 i cennik <\/a><\/h4> \n\t\t\t\t\t<\/div>\n\t\t<\/div>\n\t<\/div>\n\t<\/div>\n\n<\/div>\n<\/div>\n\n<div  class=\"content_row row vc_row wpb_row  default-style fullwidth\" >\n\t\n\t<div class=\"content_row_wrapper  default\" >\n\t<div id=\"asdasd\" class=\"vc_col-sm-12 wpb_column vc_column_container\" >\n\t<div class=\"vc_column-inner\">\n\t\t<div class=\"wpb_wrapper\" >\n\t\t\t<div class=\"button_wrapper aligncenter\"><a  href=\"\/pl\/wiecej-informacji\/\" target=\"_self\" title=\"&gt; wi\u0119cej informacji\" class=\"button_  style-2 small\">&gt; wi\u0119cej informacji<\/a><\/div>\n\t\t<\/div>\n\t<\/div>\n\t<\/div>\n\n<\/div>\n<\/div>\n<\/section>","protected":false},"excerpt":{"rendered":"<p>\u2026 <a class=\"more-link\" href=\"https:\/\/salvia-sanpedro.com\/pl\/kompleks\/\">Kontynuuj czytanie<\/a><\/p>","protected":false},"author":1,"featured_media":4295,"parent":0,"menu_order":3,"comment_status":"closed","ping_status":"closed","template":"","meta":{"footnotes":""},"class_list":["post-95","page","type-page","status-publish","has-post-thumbnail","hentry"],"yoast_head":"<!-- This site is optimized with the Yoast SEO plugin v27.6 - https:\/\/yoast.com\/product\/yoast-seo-wordpress\/ -->\n<title>Salvia San Pedro - Salvia - San Pedro<\/title>\n<meta name=\"robots\" content=\"index, follow, max-snippet:-1, max-image-preview:large, max-video-preview:-1\" \/>\n<link rel=\"canonical\" href=\"https:\/\/salvia-sanpedro.com\/pl\/kompleks\/\" \/>\n<meta property=\"og:locale\" content=\"pl_PL\" \/>\n<meta property=\"og:type\" content=\"article\" \/>\n<meta property=\"og:title\" content=\"Salvia San Pedro - Salvia - San Pedro\" \/>\n<meta property=\"og:url\" content=\"https:\/\/salvia-sanpedro.com\/pl\/kompleks\/\" \/>\n<meta property=\"og:site_name\" content=\"Salvia - San Pedro\" \/>\n<meta property=\"article:modified_time\" content=\"2026-04-27T11:34:08+00:00\" \/>\n<meta property=\"og:image\" content=\"https:\/\/salvia-sanpedro.com\/wp-content\/uploads\/sites\/33\/2022\/03\/apartments-salvia-san-pedro-living-terrace.jpg\" \/>\n\t<meta property=\"og:image:width\" content=\"1920\" \/>\n\t<meta property=\"og:image:height\" content=\"1034\" \/>\n\t<meta property=\"og:image:type\" content=\"image\/jpeg\" \/>\n<meta name=\"twitter:card\" content=\"summary_large_image\" \/>\n<meta name=\"twitter:label1\" content=\"Szacowany czas czytania\" \/>\n\t<meta name=\"twitter:data1\" content=\"6 minut\" \/>\n<script type=\"application\/ld+json\" class=\"yoast-schema-graph\">{\"@context\":\"https:\\\/\\\/schema.org\",\"@graph\":[{\"@type\":\"WebPage\",\"@id\":\"https:\\\/\\\/salvia-sanpedro.com\\\/het-complex\\\/\",\"url\":\"https:\\\/\\\/salvia-sanpedro.com\\\/het-complex\\\/\",\"name\":\"Salvia San Pedro - Salvia - San Pedro\",\"isPartOf\":{\"@id\":\"https:\\\/\\\/salvia-sanpedro.com\\\/#website\"},\"primaryImageOfPage\":{\"@id\":\"https:\\\/\\\/salvia-sanpedro.com\\\/het-complex\\\/#primaryimage\"},\"image\":{\"@id\":\"https:\\\/\\\/salvia-sanpedro.com\\\/het-complex\\\/#primaryimage\"},\"thumbnailUrl\":\"https:\\\/\\\/salvia-sanpedro.com\\\/wp-content\\\/uploads\\\/sites\\\/33\\\/2022\\\/03\\\/apartments-salvia-san-pedro-living-terrace.jpg\",\"datePublished\":\"2022-01-27T10:58:29+00:00\",\"dateModified\":\"2026-04-27T11:34:08+00:00\",\"breadcrumb\":{\"@id\":\"https:\\\/\\\/salvia-sanpedro.com\\\/het-complex\\\/#breadcrumb\"},\"inLanguage\":\"pl-PL\",\"potentialAction\":[{\"@type\":\"ReadAction\",\"target\":[\"https:\\\/\\\/salvia-sanpedro.com\\\/het-complex\\\/\"]}]},{\"@type\":\"ImageObject\",\"inLanguage\":\"pl-PL\",\"@id\":\"https:\\\/\\\/salvia-sanpedro.com\\\/het-complex\\\/#primaryimage\",\"url\":\"https:\\\/\\\/salvia-sanpedro.com\\\/wp-content\\\/uploads\\\/sites\\\/33\\\/2022\\\/03\\\/apartments-salvia-san-pedro-living-terrace.jpg\",\"contentUrl\":\"https:\\\/\\\/salvia-sanpedro.com\\\/wp-content\\\/uploads\\\/sites\\\/33\\\/2022\\\/03\\\/apartments-salvia-san-pedro-living-terrace.jpg\",\"width\":1920,\"height\":1034},{\"@type\":\"BreadcrumbList\",\"@id\":\"https:\\\/\\\/salvia-sanpedro.com\\\/het-complex\\\/#breadcrumb\",\"itemListElement\":[{\"@type\":\"ListItem\",\"position\":1,\"name\":\"Home\",\"item\":\"https:\\\/\\\/salvia-sanpedro.com\\\/\"},{\"@type\":\"ListItem\",\"position\":2,\"name\":\"Salvia San Pedro\"}]},{\"@type\":\"WebSite\",\"@id\":\"https:\\\/\\\/salvia-sanpedro.com\\\/#website\",\"url\":\"https:\\\/\\\/salvia-sanpedro.com\\\/\",\"name\":\"Salvia - San Pedro\",\"description\":\"\",\"potentialAction\":[{\"@type\":\"SearchAction\",\"target\":{\"@type\":\"EntryPoint\",\"urlTemplate\":\"https:\\\/\\\/salvia-sanpedro.com\\\/?s={search_term_string}\"},\"query-input\":{\"@type\":\"PropertyValueSpecification\",\"valueRequired\":true,\"valueName\":\"search_term_string\"}}],\"inLanguage\":\"pl-PL\"}]}<\/script>\n<!-- \/ Yoast SEO plugin. -->","yoast_head_json":{"title":"Salvia San Pedro - Salvia - San Pedro","robots":{"index":"index","follow":"follow","max-snippet":"max-snippet:-1","max-image-preview":"max-image-preview:large","max-video-preview":"max-video-preview:-1"},"canonical":"https:\/\/salvia-sanpedro.com\/pl\/kompleks\/","og_locale":"pl_PL","og_type":"article","og_title":"Salvia San Pedro - Salvia - San Pedro","og_url":"https:\/\/salvia-sanpedro.com\/pl\/kompleks\/","og_site_name":"Salvia - San Pedro","article_modified_time":"2026-04-27T11:34:08+00:00","og_image":[{"width":1920,"height":1034,"url":"https:\/\/salvia-sanpedro.com\/wp-content\/uploads\/sites\/33\/2022\/03\/apartments-salvia-san-pedro-living-terrace.jpg","type":"image\/jpeg"}],"twitter_card":"summary_large_image","twitter_misc":{"Szacowany czas czytania":"6 minut"},"schema":{"@context":"https:\/\/schema.org","@graph":[{"@type":"WebPage","@id":"https:\/\/salvia-sanpedro.com\/het-complex\/","url":"https:\/\/salvia-sanpedro.com\/het-complex\/","name":"Salvia San Pedro - Salvia - San Pedro","isPartOf":{"@id":"https:\/\/salvia-sanpedro.com\/#website"},"primaryImageOfPage":{"@id":"https:\/\/salvia-sanpedro.com\/het-complex\/#primaryimage"},"image":{"@id":"https:\/\/salvia-sanpedro.com\/het-complex\/#primaryimage"},"thumbnailUrl":"https:\/\/salvia-sanpedro.com\/wp-content\/uploads\/sites\/33\/2022\/03\/apartments-salvia-san-pedro-living-terrace.jpg","datePublished":"2022-01-27T10:58:29+00:00","dateModified":"2026-04-27T11:34:08+00:00","breadcrumb":{"@id":"https:\/\/salvia-sanpedro.com\/het-complex\/#breadcrumb"},"inLanguage":"pl-PL","potentialAction":[{"@type":"ReadAction","target":["https:\/\/salvia-sanpedro.com\/het-complex\/"]}]},{"@type":"ImageObject","inLanguage":"pl-PL","@id":"https:\/\/salvia-sanpedro.com\/het-complex\/#primaryimage","url":"https:\/\/salvia-sanpedro.com\/wp-content\/uploads\/sites\/33\/2022\/03\/apartments-salvia-san-pedro-living-terrace.jpg","contentUrl":"https:\/\/salvia-sanpedro.com\/wp-content\/uploads\/sites\/33\/2022\/03\/apartments-salvia-san-pedro-living-terrace.jpg","width":1920,"height":1034},{"@type":"BreadcrumbList","@id":"https:\/\/salvia-sanpedro.com\/het-complex\/#breadcrumb","itemListElement":[{"@type":"ListItem","position":1,"name":"Home","item":"https:\/\/salvia-sanpedro.com\/"},{"@type":"ListItem","position":2,"name":"Salvia San Pedro"}]},{"@type":"WebSite","@id":"https:\/\/salvia-sanpedro.com\/#website","url":"https:\/\/salvia-sanpedro.com\/","name":"Salwia \u2013 San Pedro","description":"","potentialAction":[{"@type":"SearchAction","target":{"@type":"EntryPoint","urlTemplate":"https:\/\/salvia-sanpedro.com\/?s={search_term_string}"},"query-input":{"@type":"PropertyValueSpecification","valueRequired":true,"valueName":"search_term_string"}}],"inLanguage":"pl-PL"}]}},"_links":{"self":[{"href":"https:\/\/salvia-sanpedro.com\/pl\/wp-json\/wp\/v2\/pages\/95","targetHints":{"allow":["GET"]}}],"collection":[{"href":"https:\/\/salvia-sanpedro.com\/pl\/wp-json\/wp\/v2\/pages"}],"about":[{"href":"https:\/\/salvia-sanpedro.com\/pl\/wp-json\/wp\/v2\/types\/page"}],"author":[{"embeddable":true,"href":"https:\/\/salvia-sanpedro.com\/pl\/wp-json\/wp\/v2\/users\/1"}],"replies":[{"embeddable":true,"href":"https:\/\/salvia-sanpedro.com\/pl\/wp-json\/wp\/v2\/comments?post=95"}],"version-history":[{"count":55,"href":"https:\/\/salvia-sanpedro.com\/pl\/wp-json\/wp\/v2\/pages\/95\/revisions"}],"predecessor-version":[{"id":4350,"href":"https:\/\/salvia-sanpedro.com\/pl\/wp-json\/wp\/v2\/pages\/95\/revisions\/4350"}],"wp:featuredmedia":[{"embeddable":true,"href":"https:\/\/salvia-sanpedro.com\/pl\/wp-json\/wp\/v2\/media\/4295"}],"wp:attachment":[{"href":"https:\/\/salvia-sanpedro.com\/pl\/wp-json\/wp\/v2\/media?parent=95"}],"curies":[{"name":"wp","href":"https:\/\/api.w.org\/{rel}","templated":true}]}}