{"id":97,"date":"2022-01-27T10:58:35","date_gmt":"2022-01-27T10:58:35","guid":{"rendered":"http:\/\/cognito.mprinsdesign.nl\/?page_id=97"},"modified":"2023-11-29T11:37:33","modified_gmt":"2023-11-29T11:37:33","slug":"lieu","status":"publish","type":"page","link":"https:\/\/salvia-sanpedro.com\/fr\/lieu\/","title":{"rendered":"lieu"},"content":{"rendered":"<section class=\"wpb-content-wrapper\"><div  class=\"content_row row page-content vc_row wpb_row  default-style fullwidth\" >\n\t\n\t<div class=\"content_row_wrapper  default\" >\n\t<div id=\"asdasd\" class=\"vc_col-sm-12 wpb_column vc_column_container\" >\n\t<div class=\"vc_column-inner\">\n\t\t<div class=\"wpb_wrapper\" >\n\t\t\t<div class=\"rt_heading_wrapper no-style\">\n\t\t\t\t\t\t<h1 class=\"rt_heading  no-style\"  style=\"font-size:24px;margin-top:24px;margin-bottom:0px;\">Lieu - <span class=\"after_h1\">Salvia San Pedro<\/span><\/h1> \n\t\t\t\t\t<\/div><div class=\"vc_empty_space\"   style=\"height: 32px\"><span class=\"vc_empty_space_inner\"><\/span><\/div><div class=\"vc_separator wpb_content_element vc_separator_align_center vc_sep_width_100 vc_sep_style-4 vc_sep_pos_align_center vc_separator_no_text vc_sep_color_grey\" ><span class=\"vc_sep_holder vc_sep_holder_l\"><span class=\"vc_sep_line\"><\/span><\/span><span class=\"vc_sep_holder vc_sep_holder_r\"><span class=\"vc_sep_line\"><\/span><\/span>\n<\/div>\n\t\t<\/div>\n\t<\/div>\n\t<\/div>\n\n<\/div>\n<\/div>\n\n<div  class=\"content_row row room-list vc_row wpb_row  default-style fullwidth\" >\n\t\n\t<div class=\"content_row_wrapper  fullwidth\" >\n\t<div id=\"asdasd\" class=\"vc_col-sm-12 wpb_column vc_column_container\" >\n\t<div class=\"vc_column-inner\">\n\t\t<div class=\"wpb_wrapper\" >\n\t\t\t<div class=\"google_map_holder\" data-height=\"300\" data-scope=\"#map-795796\" data-bw=\"\">\n\n\t\t\t<div id=\"map-795796\" class=\"google_map\"><\/div>\n\t\t\t<script type=\"text\/javascript\">\n\t\t\t \/* <![CDATA[ *\/ \n\t\t\t\t\/\/ Runs google maps\t\n\t\t\t\t\tjQuery(function() {\n\t\t\t\t\t\tjQuery(\"#map-795796\").rt_maps([[\"Marbella\", 36.571111, -4.594056, 4,\"\"],],10); \n\t\t\t\t\t});\n\t\t\t\/* ]]> *\/\t\n\t\t\t<\/script>\n\n\t\t<\/div><div class=\"vc_empty_space\"   style=\"height: 90px\"><span class=\"vc_empty_space_inner\"><\/span><\/div><div class=\"rt_quote\"  >\n\t\t\t\t\t\t\t<p>\n\t\t\t\t\t\t\t\t<span class=\"icon-quote-left\"><\/span>\n\t\t\t\t\t\t\t\t<span style=\"font-weight: 400;\">\u00a0Un complexe \u00e0 quelques pas de la plage et de la mer et \u00e0 proximit\u00e9 de Marbella et de Puerto Banus. Ce complexe r\u00e9sidentiel moderne offre une combinaison unique de design, de confort et d&#039;acc\u00e8s \u00e0 de belles plages telles que la plage de San Pedro et la Playa de Cortijo Blanco.<\/span>\n\t\t\t\t\t\t\t\t<span class=\"icon-quote-right\"><\/span>\n\t\t\t\t\t\t\t<\/p>\n\t\t\t\t\t\t\t\n\t\t\t\t\t<\/div>\n\t\t<\/div>\n\t<\/div>\n\t<\/div>\n\n<\/div>\n<\/div>\n<\/section>","protected":false},"excerpt":{"rendered":"<p>\u2026 <a class=\"more-link\" href=\"https:\/\/salvia-sanpedro.com\/fr\/lieu\/\">continuer la lecture<\/a><\/p>","protected":false},"author":1,"featured_media":4290,"parent":0,"menu_order":5,"comment_status":"closed","ping_status":"closed","template":"","meta":{"footnotes":""},"class_list":["post-97","page","type-page","status-publish","has-post-thumbnail","hentry"],"yoast_head":"<!-- This site is optimized with the Yoast SEO plugin v26.0 - https:\/\/yoast.com\/wordpress\/plugins\/seo\/ -->\n<title>Locatie - Salvia - San Pedro<\/title>\n<meta name=\"robots\" content=\"index, follow, max-snippet:-1, max-image-preview:large, max-video-preview:-1\" \/>\n<link rel=\"canonical\" href=\"https:\/\/salvia-sanpedro.com\/fr\/lieu\/\" \/>\n<meta property=\"og:locale\" content=\"fr_FR\" \/>\n<meta property=\"og:type\" content=\"article\" \/>\n<meta property=\"og:title\" content=\"Locatie - Salvia - San Pedro\" \/>\n<meta property=\"og:url\" content=\"https:\/\/salvia-sanpedro.com\/fr\/lieu\/\" \/>\n<meta property=\"og:site_name\" content=\"Salvia - San Pedro\" \/>\n<meta property=\"article:modified_time\" content=\"2023-11-29T11:37:33+00:00\" \/>\n<meta property=\"og:image\" content=\"https:\/\/salvia-sanpedro.com\/wp-content\/uploads\/sites\/33\/2022\/10\/salvia-san-pedro-newbuild-garden.jpeg\" \/>\n\t<meta property=\"og:image:width\" content=\"1920\" \/>\n\t<meta property=\"og:image:height\" content=\"1374\" \/>\n\t<meta property=\"og:image:type\" content=\"image\/jpeg\" \/>\n<meta name=\"twitter:card\" content=\"summary_large_image\" \/>\n<meta name=\"twitter:label1\" content=\"Dur\u00e9e de lecture estim\u00e9e\" \/>\n\t<meta name=\"twitter:data1\" content=\"1 minute\" \/>\n<script type=\"application\/ld+json\" class=\"yoast-schema-graph\">{\"@context\":\"https:\/\/schema.org\",\"@graph\":[{\"@type\":\"WebPage\",\"@id\":\"https:\/\/salvia-sanpedro.com\/locatie\/\",\"url\":\"https:\/\/salvia-sanpedro.com\/locatie\/\",\"name\":\"Locatie - Salvia - San Pedro\",\"isPartOf\":{\"@id\":\"https:\/\/salvia-sanpedro.com\/#website\"},\"primaryImageOfPage\":{\"@id\":\"https:\/\/salvia-sanpedro.com\/locatie\/#primaryimage\"},\"image\":{\"@id\":\"https:\/\/salvia-sanpedro.com\/locatie\/#primaryimage\"},\"thumbnailUrl\":\"https:\/\/salvia-sanpedro.com\/wp-content\/uploads\/sites\/33\/2022\/10\/salvia-san-pedro-newbuild-garden.jpeg\",\"datePublished\":\"2022-01-27T10:58:35+00:00\",\"dateModified\":\"2023-11-29T11:37:33+00:00\",\"breadcrumb\":{\"@id\":\"https:\/\/salvia-sanpedro.com\/locatie\/#breadcrumb\"},\"inLanguage\":\"fr-FR\",\"potentialAction\":[{\"@type\":\"ReadAction\",\"target\":[\"https:\/\/salvia-sanpedro.com\/locatie\/\"]}]},{\"@type\":\"ImageObject\",\"inLanguage\":\"fr-FR\",\"@id\":\"https:\/\/salvia-sanpedro.com\/locatie\/#primaryimage\",\"url\":\"https:\/\/salvia-sanpedro.com\/wp-content\/uploads\/sites\/33\/2022\/10\/salvia-san-pedro-newbuild-garden.jpeg\",\"contentUrl\":\"https:\/\/salvia-sanpedro.com\/wp-content\/uploads\/sites\/33\/2022\/10\/salvia-san-pedro-newbuild-garden.jpeg\",\"width\":1920,\"height\":1374},{\"@type\":\"BreadcrumbList\",\"@id\":\"https:\/\/salvia-sanpedro.com\/locatie\/#breadcrumb\",\"itemListElement\":[{\"@type\":\"ListItem\",\"position\":1,\"name\":\"Home\",\"item\":\"https:\/\/salvia-sanpedro.com\/\"},{\"@type\":\"ListItem\",\"position\":2,\"name\":\"Locatie\"}]},{\"@type\":\"WebSite\",\"@id\":\"https:\/\/salvia-sanpedro.com\/#website\",\"url\":\"https:\/\/salvia-sanpedro.com\/\",\"name\":\"Salvia - San Pedro\",\"description\":\"\",\"potentialAction\":[{\"@type\":\"SearchAction\",\"target\":{\"@type\":\"EntryPoint\",\"urlTemplate\":\"https:\/\/salvia-sanpedro.com\/?s={search_term_string}\"},\"query-input\":{\"@type\":\"PropertyValueSpecification\",\"valueRequired\":true,\"valueName\":\"search_term_string\"}}],\"inLanguage\":\"fr-FR\"}]}<\/script>\n<!-- \/ Yoast SEO plugin. -->","yoast_head_json":{"title":"Localisation - Salvia - San Pedro","robots":{"index":"index","follow":"follow","max-snippet":"max-snippet:-1","max-image-preview":"max-image-preview:large","max-video-preview":"max-video-preview:-1"},"canonical":"https:\/\/salvia-sanpedro.com\/fr\/lieu\/","og_locale":"fr_FR","og_type":"article","og_title":"Locatie - Salvia - San Pedro","og_url":"https:\/\/salvia-sanpedro.com\/fr\/lieu\/","og_site_name":"Salvia - San Pedro","article_modified_time":"2023-11-29T11:37:33+00:00","og_image":[{"width":1920,"height":1374,"url":"https:\/\/salvia-sanpedro.com\/wp-content\/uploads\/sites\/33\/2022\/10\/salvia-san-pedro-newbuild-garden.jpeg","type":"image\/jpeg"}],"twitter_card":"summary_large_image","twitter_misc":{"Dur\u00e9e de lecture estim\u00e9e":"1 minute"},"schema":{"@context":"https:\/\/schema.org","@graph":[{"@type":"WebPage","@id":"https:\/\/salvia-sanpedro.com\/locatie\/","url":"https:\/\/salvia-sanpedro.com\/locatie\/","name":"Localisation - Salvia - San Pedro","isPartOf":{"@id":"https:\/\/salvia-sanpedro.com\/#website"},"primaryImageOfPage":{"@id":"https:\/\/salvia-sanpedro.com\/locatie\/#primaryimage"},"image":{"@id":"https:\/\/salvia-sanpedro.com\/locatie\/#primaryimage"},"thumbnailUrl":"https:\/\/salvia-sanpedro.com\/wp-content\/uploads\/sites\/33\/2022\/10\/salvia-san-pedro-newbuild-garden.jpeg","datePublished":"2022-01-27T10:58:35+00:00","dateModified":"2023-11-29T11:37:33+00:00","breadcrumb":{"@id":"https:\/\/salvia-sanpedro.com\/locatie\/#breadcrumb"},"inLanguage":"fr-FR","potentialAction":[{"@type":"ReadAction","target":["https:\/\/salvia-sanpedro.com\/locatie\/"]}]},{"@type":"ImageObject","inLanguage":"fr-FR","@id":"https:\/\/salvia-sanpedro.com\/locatie\/#primaryimage","url":"https:\/\/salvia-sanpedro.com\/wp-content\/uploads\/sites\/33\/2022\/10\/salvia-san-pedro-newbuild-garden.jpeg","contentUrl":"https:\/\/salvia-sanpedro.com\/wp-content\/uploads\/sites\/33\/2022\/10\/salvia-san-pedro-newbuild-garden.jpeg","width":1920,"height":1374},{"@type":"BreadcrumbList","@id":"https:\/\/salvia-sanpedro.com\/locatie\/#breadcrumb","itemListElement":[{"@type":"ListItem","position":1,"name":"Home","item":"https:\/\/salvia-sanpedro.com\/"},{"@type":"ListItem","position":2,"name":"Locatie"}]},{"@type":"WebSite","@id":"https:\/\/salvia-sanpedro.com\/#website","url":"https:\/\/salvia-sanpedro.com\/","name":"Salvia - San Pedro","description":"","potentialAction":[{"@type":"SearchAction","target":{"@type":"EntryPoint","urlTemplate":"https:\/\/salvia-sanpedro.com\/?s={search_term_string}"},"query-input":{"@type":"PropertyValueSpecification","valueRequired":true,"valueName":"search_term_string"}}],"inLanguage":"fr-FR"}]}},"_links":{"self":[{"href":"https:\/\/salvia-sanpedro.com\/fr\/wp-json\/wp\/v2\/pages\/97","targetHints":{"allow":["GET"]}}],"collection":[{"href":"https:\/\/salvia-sanpedro.com\/fr\/wp-json\/wp\/v2\/pages"}],"about":[{"href":"https:\/\/salvia-sanpedro.com\/fr\/wp-json\/wp\/v2\/types\/page"}],"author":[{"embeddable":true,"href":"https:\/\/salvia-sanpedro.com\/fr\/wp-json\/wp\/v2\/users\/1"}],"replies":[{"embeddable":true,"href":"https:\/\/salvia-sanpedro.com\/fr\/wp-json\/wp\/v2\/comments?post=97"}],"version-history":[{"count":18,"href":"https:\/\/salvia-sanpedro.com\/fr\/wp-json\/wp\/v2\/pages\/97\/revisions"}],"predecessor-version":[{"id":4305,"href":"https:\/\/salvia-sanpedro.com\/fr\/wp-json\/wp\/v2\/pages\/97\/revisions\/4305"}],"wp:featuredmedia":[{"embeddable":true,"href":"https:\/\/salvia-sanpedro.com\/fr\/wp-json\/wp\/v2\/media\/4290"}],"wp:attachment":[{"href":"https:\/\/salvia-sanpedro.com\/fr\/wp-json\/wp\/v2\/media?parent=97"}],"curies":[{"name":"wp","href":"https:\/\/api.w.org\/{rel}","templated":true}]}}