{"id":95,"date":"2022-01-27T10:58:29","date_gmt":"2022-01-27T10:58:29","guid":{"rendered":"http:\/\/cognito.mprinsdesign.nl\/?page_id=95"},"modified":"2026-03-05T19:10:23","modified_gmt":"2026-03-05T19:10:23","slug":"le-complexe","status":"publish","type":"page","link":"https:\/\/salvia-sanpedro.com\/fr\/le-complexe\/","title":{"rendered":"Salvia San Pedro"},"content":{"rendered":"<section class=\"wpb-content-wrapper\"><div  class=\"content_row row page-content vc_row wpb_row  default-style fullwidth\" >\n\t\n\t<div class=\"content_row_wrapper  default\" >\n\t<div id=\"asdasd\" class=\"vc_col-sm-12 wpb_column vc_column_container\" >\n\t<div class=\"vc_column-inner\">\n\t\t<div class=\"wpb_wrapper\" >\n\t\t\t<div class=\"rt_heading_wrapper no-style\">\n\t\t\t\t\t\t<h1 class=\"rt_heading  no-style\"  style=\"font-size:24px;margin-top:24px;margin-bottom:0px;\">Salvia \u2013 San Pedro \u2013 <span class=\"after_h1\">Benalm\u00e1dena. \u00c0 partir de 630\u00a0000 \u20ac (25\/10)<\/span><\/h1> \n\t\t\t\t\t<\/div><div class=\"vc_empty_space\"   style=\"height: 32px\"><span class=\"vc_empty_space_inner\"><\/span><\/div><div class=\"vc_separator wpb_content_element vc_separator_align_center vc_sep_width_100 vc_sep_style-4 vc_sep_pos_align_center vc_separator_no_text vc_sep_color_grey\" ><span class=\"vc_sep_holder vc_sep_holder_l\"><span class=\"vc_sep_line\"><\/span><\/span><span class=\"vc_sep_holder vc_sep_holder_r\"><span class=\"vc_sep_line\"><\/span><\/span>\n<\/div><div class=\"vc_empty_space\"   style=\"height: 32px\"><span class=\"vc_empty_space_inner\"><\/span><\/div>\n\t<div class=\"wpb_text_column wpb_content_element\" >\n\t\t<div class=\"wpb_wrapper\">\n\t\t\t<div class=\"\">\n<p><span style=\"font-weight: 400;\">Salvia San Pedro est une communaut\u00e9 r\u00e9sidentielle exclusive situ\u00e9e \u00e0 San Pedro de Alcantaria, au c\u0153ur de la Costa del Sol. Un complexe \u00e0 quelques pas de la plage et de la mer et \u00e0 proximit\u00e9 de Marbella et de Puerto Banus. Ce complexe r\u00e9sidentiel moderne offre une combinaison unique de design, de confort et d&#039;acc\u00e8s \u00e0 de belles plages telles que la plage de San Pedro et la Playa de Cortijo Blanco.<\/span><\/p>\n<p><b>\u00c0 PROPOS DE BEACH RESORT SALVIA SAN PEDRO<\/b><\/p>\n<p>&nbsp;<\/p>\n<p><b><i>Communaut\u00e9 r\u00e9sidentielle exclusive o\u00f9 vous vous faites des amis<\/i><\/b><\/p>\n<p><span style=\"font-weight: 400;\">Les habitants de Slvia San Predro <\/span><span style=\"font-weight: 400;\">font partie d&#039;une communaut\u00e9 r\u00e9sidentielle exclusive et chaleureuse. Les espaces partag\u00e9s sont une partie importante de cette philosophie, des espaces de coworking modernes \u00e0 la piscine rafra\u00eechissante, en passant par les jardins verdoyants et une salle de fitness enti\u00e8rement \u00e9quip\u00e9e. Le tout con\u00e7u pour cr\u00e9er des liens et favoriser votre bien-\u00eatre. Votre propre quartier r\u00e9sidentiel familier avec un haut degr\u00e9 de coh\u00e9sion sociale ; un sentiment de s\u00e9curit\u00e9, de solidarit\u00e9 et de nombreux lieux de rencontres mutuelles.\u00a0<\/span><\/p>\n<p>&nbsp;<\/p>\n<p><b><i>Une construction durable et de qualit\u00e9\u00a0<\/i><\/b><\/p>\n<p><span style=\"font-weight: 400;\">Construit dans un souci de qualit\u00e9 et de durabilit\u00e9, Salvia San Pedro offre une gamme d&#039;installations et de commodit\u00e9s con\u00e7ues pour enrichir la vie de ses r\u00e9sidents.\u00a0<\/span><\/p>\n<p><span style=\"font-weight: 400;\">Le complexe Salvia San Pedro est un exemple d&#039;\u00e9l\u00e9gance moderne, con\u00e7u avec un souci du d\u00e9tail et une exp\u00e9rience de vie in\u00e9gal\u00e9e. Les appartements sont spacieux avec de hauts plafonds et de grandes fen\u00eatres qui laissent entrer la lumi\u00e8re naturelle et offrent aux r\u00e9sidents des vues \u00e0 couper le souffle. Chaque maison offre une transition fluide de l&#039;int\u00e9rieur vers l&#039;ext\u00e9rieur avec de g\u00e9n\u00e9reuses terrasses priv\u00e9es qui vous invitent \u00e0 vous d\u00e9tendre dans la douce brise marine.<\/span><\/p>\n<p><span style=\"font-weight: 400;\">Peu de complexes d\u2019appartements de luxe haut de gamme peuvent se vanter de la qualit\u00e9 des sp\u00e9cifications propos\u00e9es par le Marbella Beach Resort. Les mat\u00e9riaux et les accessoires sont de la meilleure qualit\u00e9, de la climatisation a\u00e9rothermique aux grands carrelages, en passant par les cuisines design, les appareils \u00e9lectrom\u00e9nagers de haute qualit\u00e9, les accessoires de salle de bain et les luminaires des appartements. Des mat\u00e9riaux nobles tels que le bois et la pierre compl\u00e8tent le design contemporain et invitent une agr\u00e9able sensation de chaleur naturelle dans la vision.<\/span><\/p>\n<p><span style=\"font-weight: 400;\">Le design moderne, la verdure abondante avec des plantes indig\u00e8nes et les installations durables s&#039;int\u00e8grent parfaitement et \u00e9tablissent une r\u00e9f\u00e9rence en mati\u00e8re de luxe et de tranquillit\u00e9.\u00a0<\/span><\/p>\n<p>&nbsp;<\/p>\n<p><b>Espaces partag\u00e9s avec de nombreuses installations dans une oasis de verdure<\/b><\/p>\n<p><i><span style=\"font-weight: 400;\">Piscine d&#039;eau sal\u00e9e avec bassin pour enfants<\/span><\/i><\/p>\n<p><span style=\"font-weight: 400;\">La piscine d&#039;eau sal\u00e9e durable est une attraction accueillante toute l&#039;ann\u00e9e, refl\u00e9tant le bleu du ciel m\u00e9diterran\u00e9en et les abondantes plantations vertes des jardins se fondent parfaitement dans l&#039;environnement verdoyant. Chaque nuance a \u00e9t\u00e9 soigneusement \u00e9tudi\u00e9e pour cr\u00e9er ce sanctuaire de paix et d&#039;harmonie. Alors, faites un plongeon rafra\u00eechissant dans l&#039;eau cristalline de la piscine ou profitez du soleil sur la grande terrasse bien expos\u00e9e, pendant que les plus petits barbotent dans le bassin s\u00e9curis\u00e9 pour enfants. piscine.<\/span><\/p>\n<p>&nbsp;<\/p>\n<p><i><span style=\"font-weight: 400;\">Jardins paysagers<\/span><\/i><\/p>\n<p><span style=\"font-weight: 400;\">Promenez-vous dans les jardins verdoyants et luxuriants avec des plantes indig\u00e8nes luxuriantes. Une oasis de paix o\u00f9 le parfum du jasmin en fleurs et le doux bruit de l&#039;eau ondulante apaisent vos sens.<\/span><\/p>\n<p><i><span style=\"font-weight: 400;\">Centre de remise en forme et spa<\/span><\/i><\/p>\n<p><span style=\"font-weight: 400;\">Une salle de sport et un spa enti\u00e8rement \u00e9quip\u00e9s sont \u00e0 votre disposition quotidiennement. Restez en forme et d\u00e9tendu gr\u00e2ce \u00e0 des \u00e9quipements de remise en forme ultramodernes et \u00e0 un espace spa serein o\u00f9 vous pourrez \u00e9chapper \u00e0 l&#039;agitation.<\/span><\/p>\n<p><i><span style=\"font-weight: 400;\">Service de s\u00e9curit\u00e9 et de conciergerie<\/span><\/i><\/p>\n<p><span style=\"font-weight: 400;\">B\u00e9n\u00e9ficiez d&#039;une tranquillit\u00e9 d&#039;esprit gr\u00e2ce \u00e0 une s\u00e9curit\u00e9 24 heures sur 24 et \u00e0 un service de conciergerie d\u00e9di\u00e9 pr\u00eat \u00e0 r\u00e9pondre \u00e0 tous vos besoins, des r\u00e9servations de restaurant aux arrangements de transport.<\/span><\/p>\n<p>&nbsp;<\/p>\n<p><b><i>Appartements et Penthouses \u2013 2 \u00e0 4 chambres<\/i><\/b><\/p>\n<p><span style=\"font-weight: 400;\">Ce complexe d&#039;appartements exclusif dispose d&#039;\u00e9quipements ultramodernes adapt\u00e9s aux personnes exigeantes. Allant du 2 au 4 chambres, des appartements et des penthouses, avec des int\u00e9rieurs spacieux jusqu&#039;\u00e0 195 m2 et de fantastiques terrasses jusqu&#039;\u00e0 189 m2, chaque appartement est un t\u00e9moignage du design et de l&#039;\u00e9l\u00e9gance contemporains. Toutes les maisons incluent au moins une place de parking et un espace de stockage dans le prix. Nos espaces communs ne sont pas moins impressionnants. Plongez dans des installations ultramodernes telles qu&#039;un espace de coworking d\u00e9di\u00e9 aux professionnels modernes, des bornes de recharge pour v\u00e9hicules \u00e9lectriques pour les personnes soucieuses de l&#039;environnement, une piscine int\u00e9rieure chauff\u00e9e et une salle de sport et un spa enti\u00e8rement \u00e9quip\u00e9s. Le complexe est enti\u00e8rement ferm\u00e9, avec une entr\u00e9e s\u00e9curis\u00e9e et un portail de contr\u00f4le.<\/span><\/p>\n<p><b><i>Prix Beach Resort Salvia San Pedro<\/i><\/b><\/p>\n<pre><span style=\"font-weight: 400;\">Oct\/2025 Les prix d&#039;achat (hors TVA 10%) et au m\u00b2 sont les suivants :<\/span><\/pre>\n<ul>\n<li style=\"font-weight: 400;\" aria-level=\"1\">\n<p style=\"font-weight: 400;\"><strong>Les appartements de deux chambres et deux salles de bain offrent une surface habitable de 80 m\u00b2 et une terrasse de 15 m\u00b2. Leurs prix d\u00e9butent \u00e0 630\u00a0000 \u20ac.<\/strong><\/p>\n<\/li>\n<li style=\"font-weight: 400;\" aria-level=\"1\">\n<p style=\"font-weight: 400;\"><strong>Les appartements de 3 chambres et 2 salles de bain offrent une surface habitable de 113 m\u00b2 et une terrasse de 20 m\u00b2. Leurs prix d\u00e9butent \u00e0 845\u00a0000 \u20ac.<\/strong><\/p>\n<\/li>\n<li style=\"font-weight: 400;\" aria-level=\"1\">\n<p style=\"font-weight: 400;\"><strong>Appartements de 4 chambres et 3 salles de bain, d&#039;une surface habitable de 162 m\u00b2 et d&#039;une terrasse de 28 m\u00b2. Prix \u00e0 partir de 975\u00a0000 \u20ac.<\/strong><\/p>\n<\/li>\n<li style=\"font-weight: 400;\" aria-level=\"1\">\n<p style=\"font-weight: 400;\"><strong>Les penthouses de 3 chambres et 2 salles de bain offrent une surface habitable de 114 m\u00b2 et une terrasse de 35 m\u00b2. Leurs prix d\u00e9butent \u00e0 1\u00a0150\u00a0000 \u20ac.<\/strong><\/p>\n<\/li>\n<\/ul>\n<\/div>\n\n\t\t<\/div>\n\t<\/div>\n\n\t\t<\/div>\n\t<\/div>\n\t<\/div>\n\n<\/div>\n<\/div>\n\n<div  class=\"content_row row page-content vc_row wpb_row  default-style fullwidth\" style=\"background-color: #bbac8c;\">\n\t\n\t<div class=\"content_row_wrapper  default\" >\n\t<div id=\"asdasd\" class=\"vc_col-sm-12 wpb_column vc_column_container\" >\n\t<div class=\"vc_column-inner\">\n\t\t<div class=\"wpb_wrapper\" >\n\t\t\t<div class=\"rt_heading_wrapper no-style\">\n\t\t\t\t\t\t<h1 class=\"rt_heading  no-style\"  style=\"font-size:24px;margin-top:24px;margin-bottom:0px;\">Caract\u00e9ristiques - <span class=\"after_h1 white\">SALVIA SAN PEDRO<\/span><\/h1> \n\t\t\t\t\t<\/div><div class=\"vc_empty_space\"   style=\"height: 32px\"><span class=\"vc_empty_space_inner\"><\/span><\/div><div class=\"vc_separator wpb_content_element vc_separator_align_center vc_sep_width_100 vc_sep_style-4 vc_sep_pos_align_center vc_separator_no_text vc_sep_color_grey\" ><span class=\"vc_sep_holder vc_sep_holder_l\"><span class=\"vc_sep_line\"><\/span><\/span><span class=\"vc_sep_holder vc_sep_holder_r\"><span class=\"vc_sep_line\"><\/span><\/span>\n<\/div>\n\t<div class=\"wpb_text_column wpb_content_element\" >\n\t\t<div class=\"wpb_wrapper\">\n\t\t\t\t \n\t\t<div  class=\"bullet-list style-1  check\">\n\t\t<ul>\n<li><span style=\"font-weight: 400;\">complexe d&#039;appartements de luxe haut de gamme<\/span><\/li>\n<li><span style=\"font-weight: 400;\">int\u00e9rieurs spacieux jusqu&#039;\u00e0 195 m2 et fantastiques terrasses jusqu&#039;\u00e0 189 m2<\/span><\/li>\n<li>2, 3 et 4 chambres<\/li>\n<li><span style=\"font-weight: 400;\">spacieux avec de hauts plafonds et de grandes fen\u00eatres<\/span><\/li>\n<li><span style=\"font-weight: 400;\">jardins verdoyants avec des plantes indig\u00e8nes luxuriantes<\/span><\/li>\n<li><span style=\"font-weight: 400;\">au moins une place de parking<\/span><\/li>\n<li>prix \u00e0 partir de 540 000 \u20ac.<\/li>\n<\/ul>\n\n\t\t<\/div>\n\t\n\n\t\t<\/div>\n\t<\/div>\n\n\t\t<\/div>\n\t<\/div>\n\t<\/div>\n\n<\/div>\n<\/div>\n\n<div  class=\"content_row row quote-row vc_row wpb_row  default-style fullwidth\" style=\"background-color: #fcfcfc;\">\n\t\n\t<div class=\"content_row_wrapper  fullwidth\" >\n\t<div id=\"asdasd\" class=\"vc_col-sm-12 wpb_column vc_column_container vc_custom_1644925648982\" >\n\t<div class=\"vc_column-inner\">\n\t\t<div class=\"wpb_wrapper\" >\n\t\t\t<div class=\"rt_heading_wrapper style-3\">\n\t\t\t\t\t\t<h4 class=\"rt_heading serif quote-max-width style-3\" >Dossier d&#039;information SALVIA SAN PEDRO <a href=\"https:\/\/salvia-sanpedro.com\/fr\/plus-dinformation\/\"> Demander une brochure et une liste de prix <\/a><\/h4> \n\t\t\t\t\t<\/div>\n\t\t<\/div>\n\t<\/div>\n\t<\/div>\n\n<\/div>\n<\/div>\n\n<div  class=\"content_row row vc_row wpb_row  default-style fullwidth\" >\n\t\n\t<div class=\"content_row_wrapper  default\" >\n\t<div id=\"asdasd\" class=\"vc_col-sm-12 wpb_column vc_column_container\" >\n\t<div class=\"vc_column-inner\">\n\t\t<div class=\"wpb_wrapper\" >\n\t\t\t<div class=\"button_wrapper aligncenter\"><a  href=\"\/fr\/plus-dinformation\/\" target=\"_self\" title=\"&gt; plus d&#039;infos\" class=\"button_  style-2 small\">&gt; plus d&#039;infos<\/a><\/div>\n\t\t<\/div>\n\t<\/div>\n\t<\/div>\n\n<\/div>\n<\/div>\n<\/section>","protected":false},"excerpt":{"rendered":"<p>\u2026 <a class=\"more-link\" href=\"https:\/\/salvia-sanpedro.com\/fr\/le-complexe\/\">continuer la lecture<\/a><\/p>","protected":false},"author":1,"featured_media":4295,"parent":0,"menu_order":3,"comment_status":"closed","ping_status":"closed","template":"","meta":{"footnotes":""},"class_list":["post-95","page","type-page","status-publish","has-post-thumbnail","hentry"],"yoast_head":"<!-- This site is optimized with the Yoast SEO plugin v26.0 - https:\/\/yoast.com\/wordpress\/plugins\/seo\/ -->\n<title>Salvia San Pedro - Salvia - San Pedro<\/title>\n<meta name=\"robots\" content=\"index, follow, max-snippet:-1, max-image-preview:large, max-video-preview:-1\" \/>\n<link rel=\"canonical\" href=\"https:\/\/salvia-sanpedro.com\/fr\/le-complexe\/\" \/>\n<meta property=\"og:locale\" content=\"fr_FR\" \/>\n<meta property=\"og:type\" content=\"article\" \/>\n<meta property=\"og:title\" content=\"Salvia San Pedro - Salvia - San Pedro\" \/>\n<meta property=\"og:url\" content=\"https:\/\/salvia-sanpedro.com\/fr\/le-complexe\/\" \/>\n<meta property=\"og:site_name\" content=\"Salvia - San Pedro\" \/>\n<meta property=\"article:modified_time\" content=\"2026-03-05T19:10:23+00:00\" \/>\n<meta property=\"og:image\" content=\"https:\/\/salvia-sanpedro.com\/wp-content\/uploads\/sites\/33\/2022\/03\/apartments-salvia-san-pedro-living-terrace.jpg\" \/>\n\t<meta property=\"og:image:width\" content=\"1920\" \/>\n\t<meta property=\"og:image:height\" content=\"1034\" \/>\n\t<meta property=\"og:image:type\" content=\"image\/jpeg\" \/>\n<meta name=\"twitter:card\" content=\"summary_large_image\" \/>\n<meta name=\"twitter:label1\" content=\"Dur\u00e9e de lecture estim\u00e9e\" \/>\n\t<meta name=\"twitter:data1\" content=\"6 minutes\" \/>\n<script type=\"application\/ld+json\" class=\"yoast-schema-graph\">{\"@context\":\"https:\/\/schema.org\",\"@graph\":[{\"@type\":\"WebPage\",\"@id\":\"https:\/\/salvia-sanpedro.com\/het-complex\/\",\"url\":\"https:\/\/salvia-sanpedro.com\/het-complex\/\",\"name\":\"Salvia San Pedro - Salvia - San Pedro\",\"isPartOf\":{\"@id\":\"https:\/\/salvia-sanpedro.com\/#website\"},\"primaryImageOfPage\":{\"@id\":\"https:\/\/salvia-sanpedro.com\/het-complex\/#primaryimage\"},\"image\":{\"@id\":\"https:\/\/salvia-sanpedro.com\/het-complex\/#primaryimage\"},\"thumbnailUrl\":\"https:\/\/salvia-sanpedro.com\/wp-content\/uploads\/sites\/33\/2022\/03\/apartments-salvia-san-pedro-living-terrace.jpg\",\"datePublished\":\"2022-01-27T10:58:29+00:00\",\"dateModified\":\"2026-03-05T19:10:23+00:00\",\"breadcrumb\":{\"@id\":\"https:\/\/salvia-sanpedro.com\/het-complex\/#breadcrumb\"},\"inLanguage\":\"fr-FR\",\"potentialAction\":[{\"@type\":\"ReadAction\",\"target\":[\"https:\/\/salvia-sanpedro.com\/het-complex\/\"]}]},{\"@type\":\"ImageObject\",\"inLanguage\":\"fr-FR\",\"@id\":\"https:\/\/salvia-sanpedro.com\/het-complex\/#primaryimage\",\"url\":\"https:\/\/salvia-sanpedro.com\/wp-content\/uploads\/sites\/33\/2022\/03\/apartments-salvia-san-pedro-living-terrace.jpg\",\"contentUrl\":\"https:\/\/salvia-sanpedro.com\/wp-content\/uploads\/sites\/33\/2022\/03\/apartments-salvia-san-pedro-living-terrace.jpg\",\"width\":1920,\"height\":1034},{\"@type\":\"BreadcrumbList\",\"@id\":\"https:\/\/salvia-sanpedro.com\/het-complex\/#breadcrumb\",\"itemListElement\":[{\"@type\":\"ListItem\",\"position\":1,\"name\":\"Home\",\"item\":\"https:\/\/salvia-sanpedro.com\/\"},{\"@type\":\"ListItem\",\"position\":2,\"name\":\"Salvia San Pedro\"}]},{\"@type\":\"WebSite\",\"@id\":\"https:\/\/salvia-sanpedro.com\/#website\",\"url\":\"https:\/\/salvia-sanpedro.com\/\",\"name\":\"Salvia - San Pedro\",\"description\":\"\",\"potentialAction\":[{\"@type\":\"SearchAction\",\"target\":{\"@type\":\"EntryPoint\",\"urlTemplate\":\"https:\/\/salvia-sanpedro.com\/?s={search_term_string}\"},\"query-input\":{\"@type\":\"PropertyValueSpecification\",\"valueRequired\":true,\"valueName\":\"search_term_string\"}}],\"inLanguage\":\"fr-FR\"}]}<\/script>\n<!-- \/ Yoast SEO plugin. -->","yoast_head_json":{"title":"Salvia San Pedro - Salvia - San Pedro","robots":{"index":"index","follow":"follow","max-snippet":"max-snippet:-1","max-image-preview":"max-image-preview:large","max-video-preview":"max-video-preview:-1"},"canonical":"https:\/\/salvia-sanpedro.com\/fr\/le-complexe\/","og_locale":"fr_FR","og_type":"article","og_title":"Salvia San Pedro - Salvia - San Pedro","og_url":"https:\/\/salvia-sanpedro.com\/fr\/le-complexe\/","og_site_name":"Salvia - San Pedro","article_modified_time":"2026-03-05T19:10:23+00:00","og_image":[{"width":1920,"height":1034,"url":"https:\/\/salvia-sanpedro.com\/wp-content\/uploads\/sites\/33\/2022\/03\/apartments-salvia-san-pedro-living-terrace.jpg","type":"image\/jpeg"}],"twitter_card":"summary_large_image","twitter_misc":{"Dur\u00e9e de lecture estim\u00e9e":"6 minutes"},"schema":{"@context":"https:\/\/schema.org","@graph":[{"@type":"WebPage","@id":"https:\/\/salvia-sanpedro.com\/het-complex\/","url":"https:\/\/salvia-sanpedro.com\/het-complex\/","name":"Salvia San Pedro - Salvia - San Pedro","isPartOf":{"@id":"https:\/\/salvia-sanpedro.com\/#website"},"primaryImageOfPage":{"@id":"https:\/\/salvia-sanpedro.com\/het-complex\/#primaryimage"},"image":{"@id":"https:\/\/salvia-sanpedro.com\/het-complex\/#primaryimage"},"thumbnailUrl":"https:\/\/salvia-sanpedro.com\/wp-content\/uploads\/sites\/33\/2022\/03\/apartments-salvia-san-pedro-living-terrace.jpg","datePublished":"2022-01-27T10:58:29+00:00","dateModified":"2026-03-05T19:10:23+00:00","breadcrumb":{"@id":"https:\/\/salvia-sanpedro.com\/het-complex\/#breadcrumb"},"inLanguage":"fr-FR","potentialAction":[{"@type":"ReadAction","target":["https:\/\/salvia-sanpedro.com\/het-complex\/"]}]},{"@type":"ImageObject","inLanguage":"fr-FR","@id":"https:\/\/salvia-sanpedro.com\/het-complex\/#primaryimage","url":"https:\/\/salvia-sanpedro.com\/wp-content\/uploads\/sites\/33\/2022\/03\/apartments-salvia-san-pedro-living-terrace.jpg","contentUrl":"https:\/\/salvia-sanpedro.com\/wp-content\/uploads\/sites\/33\/2022\/03\/apartments-salvia-san-pedro-living-terrace.jpg","width":1920,"height":1034},{"@type":"BreadcrumbList","@id":"https:\/\/salvia-sanpedro.com\/het-complex\/#breadcrumb","itemListElement":[{"@type":"ListItem","position":1,"name":"Home","item":"https:\/\/salvia-sanpedro.com\/"},{"@type":"ListItem","position":2,"name":"Salvia San Pedro"}]},{"@type":"WebSite","@id":"https:\/\/salvia-sanpedro.com\/#website","url":"https:\/\/salvia-sanpedro.com\/","name":"Salvia - San Pedro","description":"","potentialAction":[{"@type":"SearchAction","target":{"@type":"EntryPoint","urlTemplate":"https:\/\/salvia-sanpedro.com\/?s={search_term_string}"},"query-input":{"@type":"PropertyValueSpecification","valueRequired":true,"valueName":"search_term_string"}}],"inLanguage":"fr-FR"}]}},"_links":{"self":[{"href":"https:\/\/salvia-sanpedro.com\/fr\/wp-json\/wp\/v2\/pages\/95","targetHints":{"allow":["GET"]}}],"collection":[{"href":"https:\/\/salvia-sanpedro.com\/fr\/wp-json\/wp\/v2\/pages"}],"about":[{"href":"https:\/\/salvia-sanpedro.com\/fr\/wp-json\/wp\/v2\/types\/page"}],"author":[{"embeddable":true,"href":"https:\/\/salvia-sanpedro.com\/fr\/wp-json\/wp\/v2\/users\/1"}],"replies":[{"embeddable":true,"href":"https:\/\/salvia-sanpedro.com\/fr\/wp-json\/wp\/v2\/comments?post=95"}],"version-history":[{"count":54,"href":"https:\/\/salvia-sanpedro.com\/fr\/wp-json\/wp\/v2\/pages\/95\/revisions"}],"predecessor-version":[{"id":4346,"href":"https:\/\/salvia-sanpedro.com\/fr\/wp-json\/wp\/v2\/pages\/95\/revisions\/4346"}],"wp:featuredmedia":[{"embeddable":true,"href":"https:\/\/salvia-sanpedro.com\/fr\/wp-json\/wp\/v2\/media\/4295"}],"wp:attachment":[{"href":"https:\/\/salvia-sanpedro.com\/fr\/wp-json\/wp\/v2\/media?parent=95"}],"curies":[{"name":"wp","href":"https:\/\/api.w.org\/{rel}","templated":true}]}}