{"id":95,"date":"2022-01-27T10:58:29","date_gmt":"2022-01-27T10:58:29","guid":{"rendered":"http:\/\/cognito.mprinsdesign.nl\/?page_id=95"},"modified":"2026-04-27T11:34:08","modified_gmt":"2026-04-27T11:34:08","slug":"el-complejo","status":"publish","type":"page","link":"https:\/\/salvia-sanpedro.com\/es\/el-complejo\/","title":{"rendered":"salvia san pedro"},"content":{"rendered":"<section class=\"wpb-content-wrapper\"><div  class=\"content_row row page-content vc_row wpb_row  default-style fullwidth\" >\n\t\n\t<div class=\"content_row_wrapper  default\" >\n\t<div id=\"asdasd\" class=\"vc_col-sm-12 wpb_column vc_column_container\" >\n\t<div class=\"vc_column-inner\">\n\t\t<div class=\"wpb_wrapper\" >\n\t\t\t<div class=\"rt_heading_wrapper no-style\">\n\t\t\t\t\t\t<h1 class=\"rt_heading  no-style\"  style=\"font-size:24px;margin-top:24px;margin-bottom:0px;\">Salvia-San Pedro- <span class=\"after_h1\">Benalm\u00e1dena. Desde 865.000 \u20ac (05\/26)<\/span><\/h1> \n\t\t\t\t\t<\/div><div class=\"vc_empty_space\"   style=\"height: 32px\"><span class=\"vc_empty_space_inner\"><\/span><\/div><div class=\"vc_separator wpb_content_element vc_separator_align_center vc_sep_width_100 vc_sep_style-4 vc_sep_pos_align_center vc_separator_no_text vc_sep_color_grey\" ><span class=\"vc_sep_holder vc_sep_holder_l\"><span class=\"vc_sep_line\"><\/span><\/span><span class=\"vc_sep_holder vc_sep_holder_r\"><span class=\"vc_sep_line\"><\/span><\/span>\n<\/div><div class=\"vc_empty_space\"   style=\"height: 32px\"><span class=\"vc_empty_space_inner\"><\/span><\/div>\n\t<div class=\"wpb_text_column wpb_content_element\" >\n\t\t<div class=\"wpb_wrapper\">\n\t\t\t<div class=\"\">\n<p><span style=\"font-weight: 400;\">Salvia San Pedro es una exclusiva comunidad residencial ubicada en San Pedro de Alcantaria en el coraz\u00f3n de la Costa del Sol. Un resort a poca distancia de la playa y el mar y cerca de Marbella y Puerto Ban\u00fas. Este moderno complejo residencial ofrece una combinaci\u00f3n \u00fanica de dise\u00f1o, confort y acceso a hermosas playas como la playa de San Pedro y la Playa de Cortijo Blanco.<\/span><\/p>\n<p><b>ACERCA DE BEACH RESORT SALVIA SAN PEDRO<\/b><\/p>\n<p>&nbsp;<\/p>\n<p><b><i>Exclusiva comunidad residencial donde haces amigos<\/i><\/b><\/p>\n<p><span style=\"font-weight: 400;\">Los vecinos de Sslvia San Predro <\/span><span style=\"font-weight: 400;\">Son parte de una exclusiva y c\u00e1lida comunidad residencial. Los espacios compartidos son una parte importante de esta filosof\u00eda, desde los modernos espacios de coworking hasta la refrescante zona de la piscina, los exuberantes jardines verdes y un gimnasio totalmente equipado. Todo dise\u00f1ado para crear conexiones y promover tu bienestar. Tu propia zona residencial familiar con un alto grado de cohesi\u00f3n social; una sensaci\u00f3n de seguridad, solidaridad y muchos lugares para el encuentro mutuo.\u00a0<\/span><\/p>\n<p>&nbsp;<\/p>\n<p><b><i>Una construcci\u00f3n sostenible y de alta calidad\u00a0<\/i><\/b><\/p>\n<p><span style=\"font-weight: 400;\">Construida prestando atenci\u00f3n a la calidad y la sostenibilidad, Salvia San Pedro ofrece una variedad de instalaciones y comodidades dise\u00f1adas para enriquecer la vida de sus residentes.\u00a0<\/span><\/p>\n<p><span style=\"font-weight: 400;\">El complejo Salvia San Pedro es un ejemplo de elegancia moderna, dise\u00f1ado con atenci\u00f3n al detalle y una experiencia de vida incomparable. Los apartamentos son espaciosos, con techos altos y grandes ventanales que dejan entrar luz natural y ofrecen a los residentes vistas impresionantes. Cada casa ofrece una transici\u00f3n perfecta del interior al exterior con generosas terrazas privadas que lo invitan a relajarse con la suave brisa del mar.<\/span><\/p>\n<p><span style=\"font-weight: 400;\">Pocos complejos de apartamentos de lujo premium pueden presumir de la calidad de especificaciones que ofrece Marbella Beach Resort. Los materiales y complementos son de la mejor calidad, desde aire acondicionado por aerotermia hasta pavimentos de grandes dimensiones, cocinas de dise\u00f1o, electrodom\u00e9sticos de alta calidad, complementos y sanitarios de ba\u00f1o en los apartamentos. Materiales nobles como la madera y la piedra complementan el dise\u00f1o contempor\u00e1neo e invitan a la visi\u00f3n a una atractiva sensaci\u00f3n de calidez natural.<\/span><\/p>\n<p><span style=\"font-weight: 400;\">El dise\u00f1o moderno, la abundante vegetaci\u00f3n con plantas nativas y las instalaciones sostenibles fluyen a la perfecci\u00f3n y establecen un est\u00e1ndar de oro en lujo y tranquilidad.\u00a0<\/span><\/p>\n<p>&nbsp;<\/p>\n<p><b>Espacios compartidos con amplias instalaciones en un oasis verde.<\/b><\/p>\n<p><i><span style=\"font-weight: 400;\">Piscina de agua salada con zona infantil.<\/span><\/i><\/p>\n<p><span style=\"font-weight: 400;\">La piscina sostenible de agua salada es una atracci\u00f3n atractiva durante todo el a\u00f1o, reflejando el azul del cielo mediterr\u00e1neo y las abundantes plantas verdes de los jardines se combinan a la perfecci\u00f3n con el entorno verde. Cada matiz ha sido cuidadosamente seleccionado para crear este santuario de paz y armon\u00eda. As\u00ed que date un refrescante chapuz\u00f3n en las aguas cristalinas de la piscina o toma el sol en el espacioso sol\u00e1rium, mientras los m\u00e1s peque\u00f1os chapotean en la segura zona infantil. piscina.<\/span><\/p>\n<p>&nbsp;<\/p>\n<p><i><span style=\"font-weight: 400;\">Jardines paisaj\u00edsticos<\/span><\/i><\/p>\n<p><span style=\"font-weight: 400;\">Pasee por los exuberantes jardines verdes con exuberantes plantas nativas. Un oasis de paz donde el aroma del jazm\u00edn en flor y el suave sonido del agua ondulante calman tus sentidos.<\/span><\/p>\n<p><i><span style=\"font-weight: 400;\">Gimnasio y spa<\/span><\/i><\/p>\n<p><span style=\"font-weight: 400;\">Un gimnasio y spa totalmente equipados est\u00e1n a su disposici\u00f3n todos los d\u00edas. Mant\u00e9ngase en forma y relajado con equipos de fitness de \u00faltima generaci\u00f3n y una tranquila zona de spa donde podr\u00e1 escapar del ajetreo y el bullicio.<\/span><\/p>\n<p><i><span style=\"font-weight: 400;\">Servicio de seguridad y conserjer\u00eda.<\/span><\/i><\/p>\n<p><span style=\"font-weight: 400;\">Experimente la tranquilidad con seguridad las 24 horas y un servicio de conserjer\u00eda dedicado y listo para satisfacer todas sus necesidades, desde reservas en restaurantes hasta arreglos de transporte.<\/span><\/p>\n<p>&nbsp;<\/p>\n<p><b><i>Apartamentos y \u00c1ticos \u2013 2 a 4 dormitorios<\/i><\/b><\/p>\n<p><span style=\"font-weight: 400;\">Este exclusivo complejo de apartamentos cuenta con comodidades de \u00faltima generaci\u00f3n adaptadas al individuo m\u00e1s exigente. Con apartamentos y \u00e1ticos de 2 a 4 dormitorios, con amplios interiores de hasta 195 m2 y fant\u00e1sticas terrazas de hasta 189 m2, cada apartamento es un testimonio de elegancia y dise\u00f1o contempor\u00e1neo. Todas las viviendas incluyen al menos una plaza de garaje y trastero en el precio. Nuestras \u00e1reas comunes no son menos impresionantes: sum\u00e9rjase en instalaciones de \u00faltima generaci\u00f3n, como un espacio de coworking exclusivo para los profesionales modernos, puntos de carga para veh\u00edculos el\u00e9ctricos para la piscina cubierta climatizada y ecol\u00f3gica y un gimnasio y spa completamente equipados. El complejo est\u00e1 completamente cerrado, con entrada segura y port\u00f3n de control.<\/span><\/p>\n<p><b><i>Precios Beach Resort Salvia San Pedro<\/i><\/b><\/p>\n<pre><span style=\"font-weight: 400;\">04\/2026 Los precios de compra (sin IVA 10%) y los metros cuadrados son los siguientes:<\/span><\/pre>\n<ul>\n<li style=\"font-weight: 400;\" aria-level=\"1\">\n<p style=\"font-weight: 400;\"><strong>Apartamento de 2 habitaciones \u2013 agotado<\/strong><\/p>\n<\/li>\n<li style=\"font-weight: 400;\" aria-level=\"1\">\n<p style=\"font-weight: 400;\"><strong>Los apartamentos de 3 dormitorios y 2 ba\u00f1os tienen una superficie construida de 143 m\u00b2 y una terraza de 20 m\u00b2. Precios desde 845.000 \u20ac.<\/strong><\/p>\n<\/li>\n<li style=\"font-weight: 400;\" aria-level=\"1\">\n<p style=\"font-weight: 400;\"><strong>Los apartamentos de 4 dormitorios y 3 ba\u00f1os tienen una superficie construida de 213 m\u00b2 y una terraza de 28 m\u00b2. Los precios parten de 980.000 \u20ac.<\/strong><\/p>\n<\/li>\n<li style=\"font-weight: 400;\" aria-level=\"1\">\n<p style=\"font-weight: 400;\"><strong>Los \u00e1ticos de 3 dormitorios y 2 ba\u00f1os tienen una superficie construida de 189 m\u00b2 y una terraza de 35 m\u00b2. Precios desde 1.175.000 \u20ac.<\/strong><\/p>\n<\/li>\n<li><strong>Los \u00e1ticos de 4 dormitorios y 3 ba\u00f1os tienen una superficie construida de 341 m\u00b2 y una terraza de 35 m\u00b2. Los precios parten de 1.175.000 \u20ac.<\/strong><\/li>\n<\/ul>\n<\/div>\n\n\t\t<\/div>\n\t<\/div>\n\n\t\t<\/div>\n\t<\/div>\n\t<\/div>\n\n<\/div>\n<\/div>\n\n<div  class=\"content_row row page-content vc_row wpb_row  default-style fullwidth\" style=\"background-color: #bbac8c;\">\n\t\n\t<div class=\"content_row_wrapper  default\" >\n\t<div id=\"asdasd\" class=\"vc_col-sm-12 wpb_column vc_column_container\" >\n\t<div class=\"vc_column-inner\">\n\t\t<div class=\"wpb_wrapper\" >\n\t\t\t<div class=\"rt_heading_wrapper no-style\">\n\t\t\t\t\t\t<h1 class=\"rt_heading  no-style\"  style=\"font-size:24px;margin-top:24px;margin-bottom:0px;\">Caracter\u00edsticas - <span class=\"after_h1 white\">SALVIA SAN PEDRO<\/span><\/h1> \n\t\t\t\t\t<\/div><div class=\"vc_empty_space\"   style=\"height: 32px\"><span class=\"vc_empty_space_inner\"><\/span><\/div><div class=\"vc_separator wpb_content_element vc_separator_align_center vc_sep_width_100 vc_sep_style-4 vc_sep_pos_align_center vc_separator_no_text vc_sep_color_grey\" ><span class=\"vc_sep_holder vc_sep_holder_l\"><span class=\"vc_sep_line\"><\/span><\/span><span class=\"vc_sep_holder vc_sep_holder_r\"><span class=\"vc_sep_line\"><\/span><\/span>\n<\/div>\n\t<div class=\"wpb_text_column wpb_content_element\" >\n\t\t<div class=\"wpb_wrapper\">\n\t\t\t\t \n\t\t<div  class=\"bullet-list style-1  check\">\n\t\t<ul>\n<li><span style=\"font-weight: 400;\">complejo de apartamentos de lujo premium<\/span><\/li>\n<li><span style=\"font-weight: 400;\">amplios interiores de hasta 195 m2 y fant\u00e1sticas terrazas de hasta 189 m2<\/span><\/li>\n<li>2, 3 y 4 dormitorios<\/li>\n<li><span style=\"font-weight: 400;\">espacioso con techos altos y grandes ventanales<\/span><\/li>\n<li><span style=\"font-weight: 400;\">jardines verdes con exuberantes plantas nativas<\/span><\/li>\n<li><span style=\"font-weight: 400;\">al menos una plaza de aparcamiento<\/span><\/li>\n<li>Precios desde 540.000\u20ac.<\/li>\n<\/ul>\n\n\t\t<\/div>\n\t\n\n\t\t<\/div>\n\t<\/div>\n\n\t\t<\/div>\n\t<\/div>\n\t<\/div>\n\n<\/div>\n<\/div>\n\n<div  class=\"content_row row quote-row vc_row wpb_row  default-style fullwidth\" style=\"background-color: #fcfcfc;\">\n\t\n\t<div class=\"content_row_wrapper  fullwidth\" >\n\t<div id=\"asdasd\" class=\"vc_col-sm-12 wpb_column vc_column_container vc_custom_1644925648982\" >\n\t<div class=\"vc_column-inner\">\n\t\t<div class=\"wpb_wrapper\" >\n\t\t\t<div class=\"rt_heading_wrapper style-3\">\n\t\t\t\t\t\t<h4 class=\"rt_heading serif quote-max-width style-3\" >Paquete informativo SALVIA SAN PEDRO <a href=\"https:\/\/salvia-sanpedro.com\/es\/mas-informacion\/\"> Solicitar folleto y lista de precios <\/a><\/h4> \n\t\t\t\t\t<\/div>\n\t\t<\/div>\n\t<\/div>\n\t<\/div>\n\n<\/div>\n<\/div>\n\n<div  class=\"content_row row vc_row wpb_row  default-style fullwidth\" >\n\t\n\t<div class=\"content_row_wrapper  default\" >\n\t<div id=\"asdasd\" class=\"vc_col-sm-12 wpb_column vc_column_container\" >\n\t<div class=\"vc_column-inner\">\n\t\t<div class=\"wpb_wrapper\" >\n\t\t\t<div class=\"button_wrapper aligncenter\"><a  href=\"\/es\/mas-informacion\/\" target=\"_self\" title=\"&gt; m\u00e1s informaci\u00f3n\" class=\"button_  style-2 small\">&gt; m\u00e1s informaci\u00f3n<\/a><\/div>\n\t\t<\/div>\n\t<\/div>\n\t<\/div>\n\n<\/div>\n<\/div>\n<\/section>","protected":false},"excerpt":{"rendered":"<p>\u2026 <a class=\"more-link\" href=\"https:\/\/salvia-sanpedro.com\/es\/el-complejo\/\">sigue leyendo<\/a><\/p>","protected":false},"author":1,"featured_media":4295,"parent":0,"menu_order":3,"comment_status":"closed","ping_status":"closed","template":"","meta":{"footnotes":""},"class_list":["post-95","page","type-page","status-publish","has-post-thumbnail","hentry"],"yoast_head":"<!-- This site is optimized with the Yoast SEO plugin v27.6 - https:\/\/yoast.com\/product\/yoast-seo-wordpress\/ -->\n<title>Salvia San Pedro - Salvia - San Pedro<\/title>\n<meta name=\"robots\" content=\"index, follow, max-snippet:-1, max-image-preview:large, max-video-preview:-1\" \/>\n<link rel=\"canonical\" href=\"https:\/\/salvia-sanpedro.com\/es\/el-complejo\/\" \/>\n<meta property=\"og:locale\" content=\"es_ES\" \/>\n<meta property=\"og:type\" content=\"article\" \/>\n<meta property=\"og:title\" content=\"Salvia San Pedro - Salvia - San Pedro\" \/>\n<meta property=\"og:url\" content=\"https:\/\/salvia-sanpedro.com\/es\/el-complejo\/\" \/>\n<meta property=\"og:site_name\" content=\"Salvia - San Pedro\" \/>\n<meta property=\"article:modified_time\" content=\"2026-04-27T11:34:08+00:00\" \/>\n<meta property=\"og:image\" content=\"https:\/\/salvia-sanpedro.com\/wp-content\/uploads\/sites\/33\/2022\/03\/apartments-salvia-san-pedro-living-terrace.jpg\" \/>\n\t<meta property=\"og:image:width\" content=\"1920\" \/>\n\t<meta property=\"og:image:height\" content=\"1034\" \/>\n\t<meta property=\"og:image:type\" content=\"image\/jpeg\" \/>\n<meta name=\"twitter:card\" content=\"summary_large_image\" \/>\n<meta name=\"twitter:label1\" content=\"Tiempo de lectura\" \/>\n\t<meta name=\"twitter:data1\" content=\"6 minutos\" \/>\n<script type=\"application\/ld+json\" class=\"yoast-schema-graph\">{\"@context\":\"https:\\\/\\\/schema.org\",\"@graph\":[{\"@type\":\"WebPage\",\"@id\":\"https:\\\/\\\/salvia-sanpedro.com\\\/het-complex\\\/\",\"url\":\"https:\\\/\\\/salvia-sanpedro.com\\\/het-complex\\\/\",\"name\":\"Salvia San Pedro - Salvia - San Pedro\",\"isPartOf\":{\"@id\":\"https:\\\/\\\/salvia-sanpedro.com\\\/#website\"},\"primaryImageOfPage\":{\"@id\":\"https:\\\/\\\/salvia-sanpedro.com\\\/het-complex\\\/#primaryimage\"},\"image\":{\"@id\":\"https:\\\/\\\/salvia-sanpedro.com\\\/het-complex\\\/#primaryimage\"},\"thumbnailUrl\":\"https:\\\/\\\/salvia-sanpedro.com\\\/wp-content\\\/uploads\\\/sites\\\/33\\\/2022\\\/03\\\/apartments-salvia-san-pedro-living-terrace.jpg\",\"datePublished\":\"2022-01-27T10:58:29+00:00\",\"dateModified\":\"2026-04-27T11:34:08+00:00\",\"breadcrumb\":{\"@id\":\"https:\\\/\\\/salvia-sanpedro.com\\\/het-complex\\\/#breadcrumb\"},\"inLanguage\":\"es\",\"potentialAction\":[{\"@type\":\"ReadAction\",\"target\":[\"https:\\\/\\\/salvia-sanpedro.com\\\/het-complex\\\/\"]}]},{\"@type\":\"ImageObject\",\"inLanguage\":\"es\",\"@id\":\"https:\\\/\\\/salvia-sanpedro.com\\\/het-complex\\\/#primaryimage\",\"url\":\"https:\\\/\\\/salvia-sanpedro.com\\\/wp-content\\\/uploads\\\/sites\\\/33\\\/2022\\\/03\\\/apartments-salvia-san-pedro-living-terrace.jpg\",\"contentUrl\":\"https:\\\/\\\/salvia-sanpedro.com\\\/wp-content\\\/uploads\\\/sites\\\/33\\\/2022\\\/03\\\/apartments-salvia-san-pedro-living-terrace.jpg\",\"width\":1920,\"height\":1034},{\"@type\":\"BreadcrumbList\",\"@id\":\"https:\\\/\\\/salvia-sanpedro.com\\\/het-complex\\\/#breadcrumb\",\"itemListElement\":[{\"@type\":\"ListItem\",\"position\":1,\"name\":\"Home\",\"item\":\"https:\\\/\\\/salvia-sanpedro.com\\\/\"},{\"@type\":\"ListItem\",\"position\":2,\"name\":\"Salvia San Pedro\"}]},{\"@type\":\"WebSite\",\"@id\":\"https:\\\/\\\/salvia-sanpedro.com\\\/#website\",\"url\":\"https:\\\/\\\/salvia-sanpedro.com\\\/\",\"name\":\"Salvia - San Pedro\",\"description\":\"\",\"potentialAction\":[{\"@type\":\"SearchAction\",\"target\":{\"@type\":\"EntryPoint\",\"urlTemplate\":\"https:\\\/\\\/salvia-sanpedro.com\\\/?s={search_term_string}\"},\"query-input\":{\"@type\":\"PropertyValueSpecification\",\"valueRequired\":true,\"valueName\":\"search_term_string\"}}],\"inLanguage\":\"es\"}]}<\/script>\n<!-- \/ Yoast SEO plugin. -->","yoast_head_json":{"title":"Salvia San Pedro - Salvia - San Pedro","robots":{"index":"index","follow":"follow","max-snippet":"max-snippet:-1","max-image-preview":"max-image-preview:large","max-video-preview":"max-video-preview:-1"},"canonical":"https:\/\/salvia-sanpedro.com\/es\/el-complejo\/","og_locale":"es_ES","og_type":"article","og_title":"Salvia San Pedro - Salvia - San Pedro","og_url":"https:\/\/salvia-sanpedro.com\/es\/el-complejo\/","og_site_name":"Salvia - San Pedro","article_modified_time":"2026-04-27T11:34:08+00:00","og_image":[{"width":1920,"height":1034,"url":"https:\/\/salvia-sanpedro.com\/wp-content\/uploads\/sites\/33\/2022\/03\/apartments-salvia-san-pedro-living-terrace.jpg","type":"image\/jpeg"}],"twitter_card":"summary_large_image","twitter_misc":{"Tiempo de lectura":"6 minutos"},"schema":{"@context":"https:\/\/schema.org","@graph":[{"@type":"WebPage","@id":"https:\/\/salvia-sanpedro.com\/het-complex\/","url":"https:\/\/salvia-sanpedro.com\/het-complex\/","name":"Salvia San Pedro - Salvia - San Pedro","isPartOf":{"@id":"https:\/\/salvia-sanpedro.com\/#website"},"primaryImageOfPage":{"@id":"https:\/\/salvia-sanpedro.com\/het-complex\/#primaryimage"},"image":{"@id":"https:\/\/salvia-sanpedro.com\/het-complex\/#primaryimage"},"thumbnailUrl":"https:\/\/salvia-sanpedro.com\/wp-content\/uploads\/sites\/33\/2022\/03\/apartments-salvia-san-pedro-living-terrace.jpg","datePublished":"2022-01-27T10:58:29+00:00","dateModified":"2026-04-27T11:34:08+00:00","breadcrumb":{"@id":"https:\/\/salvia-sanpedro.com\/het-complex\/#breadcrumb"},"inLanguage":"es","potentialAction":[{"@type":"ReadAction","target":["https:\/\/salvia-sanpedro.com\/het-complex\/"]}]},{"@type":"ImageObject","inLanguage":"es","@id":"https:\/\/salvia-sanpedro.com\/het-complex\/#primaryimage","url":"https:\/\/salvia-sanpedro.com\/wp-content\/uploads\/sites\/33\/2022\/03\/apartments-salvia-san-pedro-living-terrace.jpg","contentUrl":"https:\/\/salvia-sanpedro.com\/wp-content\/uploads\/sites\/33\/2022\/03\/apartments-salvia-san-pedro-living-terrace.jpg","width":1920,"height":1034},{"@type":"BreadcrumbList","@id":"https:\/\/salvia-sanpedro.com\/het-complex\/#breadcrumb","itemListElement":[{"@type":"ListItem","position":1,"name":"Home","item":"https:\/\/salvia-sanpedro.com\/"},{"@type":"ListItem","position":2,"name":"Salvia San Pedro"}]},{"@type":"WebSite","@id":"https:\/\/salvia-sanpedro.com\/#website","url":"https:\/\/salvia-sanpedro.com\/","name":"Salvia-San Pedro","description":"","potentialAction":[{"@type":"SearchAction","target":{"@type":"EntryPoint","urlTemplate":"https:\/\/salvia-sanpedro.com\/?s={search_term_string}"},"query-input":{"@type":"PropertyValueSpecification","valueRequired":true,"valueName":"search_term_string"}}],"inLanguage":"es"}]}},"_links":{"self":[{"href":"https:\/\/salvia-sanpedro.com\/es\/wp-json\/wp\/v2\/pages\/95","targetHints":{"allow":["GET"]}}],"collection":[{"href":"https:\/\/salvia-sanpedro.com\/es\/wp-json\/wp\/v2\/pages"}],"about":[{"href":"https:\/\/salvia-sanpedro.com\/es\/wp-json\/wp\/v2\/types\/page"}],"author":[{"embeddable":true,"href":"https:\/\/salvia-sanpedro.com\/es\/wp-json\/wp\/v2\/users\/1"}],"replies":[{"embeddable":true,"href":"https:\/\/salvia-sanpedro.com\/es\/wp-json\/wp\/v2\/comments?post=95"}],"version-history":[{"count":55,"href":"https:\/\/salvia-sanpedro.com\/es\/wp-json\/wp\/v2\/pages\/95\/revisions"}],"predecessor-version":[{"id":4350,"href":"https:\/\/salvia-sanpedro.com\/es\/wp-json\/wp\/v2\/pages\/95\/revisions\/4350"}],"wp:featuredmedia":[{"embeddable":true,"href":"https:\/\/salvia-sanpedro.com\/es\/wp-json\/wp\/v2\/media\/4295"}],"wp:attachment":[{"href":"https:\/\/salvia-sanpedro.com\/es\/wp-json\/wp\/v2\/media?parent=95"}],"curies":[{"name":"wp","href":"https:\/\/api.w.org\/{rel}","templated":true}]}}