{"id":3121,"date":"2022-02-14T14:08:43","date_gmt":"2022-02-14T14:08:43","guid":{"rendered":"https:\/\/cognito.mprinsdesign.nl\/?page_id=3121"},"modified":"2025-10-21T14:03:49","modified_gmt":"2025-10-21T14:03:49","slug":"mehr-informationen","status":"publish","type":"page","link":"https:\/\/salvia-sanpedro.com\/de\/mehr-informationen\/","title":{"rendered":"Mehr Informationen"},"content":{"rendered":"<section class=\"wpb-content-wrapper\">\n<div  class=\"content_row row page-content margin-between contact-form-row vc_row wpb_row  default-style fullwidth\" >\n\t\n\t<div class=\"content_row_wrapper  default\" style=\"padding-top:50px;padding-bottom:50px;\"><div id=\"asdasd\" class=\"vc_col-sm-6 wpb_column vc_column_container\" >\n\t<div class=\"vc_column-inner\">\n\t\t<div class=\"wpb_wrapper\" >\n\t\t\t\n<div  class=\"content_row row contact-informatie-row vc_row vc_inner vc_row-fluid global-style fullwidth\" style=\"background-color: #baad85;\">\n\t\n\t<div class=\"content_row_wrapper  default\" style=\"padding-top:10px;padding-bottom:20px;padding-left:20px;padding-right:20px;\">\n\t<div class=\"vc_col-sm-12 wpb_column vc_column_container\" >\n\t<div class=\"vc_column-inner\">\n\t\t<div class=\"wpb_wrapper\" >\n\t\t\t<div class=\"rt_heading_wrapper style-3\">\n\t\t\t\t\t\t<h1 class=\"rt_heading  style-3\"  style=\"font-size:24px;margin-top:24px;margin-bottom:0px;\">Mehr Informationen - <span class=\"after_h1 white\">Salvia \u2013 San Pedro<\/span><\/h1> \n\t\t\t\t\t<\/div>\n\t<div class=\"wpb_text_column wpb_content_element  meer-info white\" >\n\t\t<div class=\"wpb_wrapper\">\n\t\t\t<p>Weitere Informationen hierzu finden Sie hier <span style=\"font-weight: 400;\">exklusive Wohnanlage in San Pedro de Alcantaria im Herzen der Costa del Sol.\u00a0<\/span> Z\u00f6gern Sie nicht und fordern Sie das Informationspaket mit den <strong>aktuelle Preisliste, Grundrisse und die Brosch\u00fcre mit ausf\u00fchrlichen Informationen.<\/strong><\/p>\n<p>Anschlie\u00dfend laden wir Sie \u2013 bei Interesse \u2013 zu einem <strong>pers\u00f6nlicher Video-Call, in dem Sie neben einer ausf\u00fchrlichen Pr\u00e4sentation alle Ihre pers\u00f6nlichen Fragen stellen k\u00f6nnen<\/strong>Der n\u00e4chste Schritt ist eine Besichtigung vor Ort. So erhalten Sie einen guten Eindruck und k\u00f6nnen leichter eine Entscheidung treffen.<\/p>\n<pre>10\/25 Preise<\/pre>\n<p style=\"font-weight: 400;\"><u>Die Kaufpreise (zzgl. 10% MwSt.) und m2 sind wie folgt:<\/u><\/p>\n<ul>\n<li style=\"font-weight: 400;\">Die Apartments mit zwei Schlafzimmern und zwei B\u00e4dern bieten 80 m\u00b2 Wohnfl\u00e4che und eine 15 m\u00b2 gro\u00dfe Terrasse. Die Preise beginnen bei 630.000 \u20ac.<\/li>\n<li style=\"font-weight: 400;\">Die Apartments mit 3 Schlafzimmern und 2 B\u00e4dern bieten 113 m\u00b2 Wohnfl\u00e4che und eine 20 m\u00b2 gro\u00dfe Terrasse. Die Preise beginnen bei 845.000 \u20ac.<\/li>\n<li style=\"font-weight: 400;\">Die Apartments mit 4 Schlafzimmern und 3 B\u00e4dern bieten 162 m\u00b2 Wohnfl\u00e4che und 28 m\u00b2 Terrasse. Die Preise beginnen bei 975.000 \u20ac.<\/li>\n<li style=\"font-weight: 400;\">Die Penth\u00e4user mit 3 Schlafzimmern und 2 B\u00e4dern bieten 114 m\u00b2 Wohnfl\u00e4che und eine 35 m\u00b2 gro\u00dfe Terrasse. Die Preise beginnen bei 1.150.000 \u20ac.<\/li>\n<\/ul>\n\n\t\t<\/div>\n\t<\/div>\n\n\t\t<\/div>\n\t<\/div>\n\t<\/div>\n\n<\/div>\n<\/div>\n\n\t\t<\/div>\n\t<\/div>\n\t<\/div>\n\n\t<div id=\"asdasd\" class=\"vc_col-sm-6 wpb_column vc_column_container\" >\n\t<div class=\"vc_column-inner\">\n\t\t<div class=\"wpb_wrapper\" >\n\t\t\t\n<div  class=\"content_row row vc_row vc_inner vc_row-fluid global-style fullwidth\" >\n\t\n\t<div class=\"content_row_wrapper  default\" style=\"padding-top:10px;padding-bottom:20px;padding-left:20px;padding-right:20px;\">\n\t<div class=\"vc_col-sm-12 wpb_column vc_column_container\" >\n\t<div class=\"vc_column-inner\">\n\t\t<div class=\"wpb_wrapper\" >\n\t\t\t<div class=\"rt_heading_wrapper style-3\">\n\t\t\t\t\t\t<h1 class=\"rt_heading  style-3\"  style=\"font-size:24px;margin-top:24px;margin-bottom:0px;\">Mehr Info - <span class=\"after_h1\">Salvia \u2013 San Pedro<\/span><\/h1> \n\t\t\t\t\t<\/div>\n\t<div class=\"wpb_text_column wpb_content_element\" >\n\t\t<div class=\"wpb_wrapper\">\n\t\t\t<div class=\"contact-form\">\n    <form id=\"cc-contact-form\" method=\"POST\" action=\"\">\n                <div class=\"split-contact\">\n            <article class=\"contact-row\">\n                <label><strong> Name <\/strong>(verpflichtet)<\/label>\n                                <input type=\"text\" name=\"cc-name\" id=\"name\" value=\"\" required>\n            <\/article>\n            <article class=\"contact-row\">\n                <label><strong> Email <\/strong>(verpflichtet)<\/label>\n                                <input type=\"text\" name=\"cc-email\" id=\"email\" value=\"\" required>\n            <\/article>\n        <\/div>\n        <article class=\"contact-row\">\n            <label><strong> Adresse <\/strong><\/label>\n            <input type=\"text\" name=\"cc-address\" id=\"address\" value=\"\" required>\n        <\/article>\n        <div class=\"split-contact\">\n            <article class=\"contact-row\">\n                <label><strong> Residenz <\/strong><\/label>\n                <input type=\"text\" name=\"cc-city\" id=\"city\" value=\"\" required>\n            <\/article>\n\n            <article class=\"contact-row\">\n                <label><strong> Land <\/strong><\/label>\n                <input type=\"text\" name=\"cc-country\" id=\"country\" value=\"\" required>\n            <\/article>\n        <\/div>\n        <article class=\"contact-row\">\n            <label><strong> Telefonnummer <\/strong>(verpflichtet)<\/label>\n                        <input type=\"text\" name=\"cc-phone\" id=\"phone\" value=\"\" required>\n        <\/article>\n        <article class=\"contact-row\">\n            <label class=\"privacy-check\">\n                <input type=\"checkbox\" name=\"cc-video\" id=\"video\" value=\"on\" required>\n                Ich m\u00f6chte einen Termin f\u00fcr ein Videogespr\u00e4ch (Besichtigung) vereinbaren\n            <\/label>\n        <\/article>\n        <article class=\"contact-row\">\n            <label><strong> Kommentare <\/strong><\/label>\n            <textarea \n                name=\"cc-comments\" \n                id=\"comments\" \n                required\n\t\t\t placeholder=\"Geben Sie hier beispielsweise an, ob Sie bestimmte Informationen erhalten m\u00f6chten. Sind Sie kurzfristig hier? Bitte informieren Sie uns \u00fcber unsere Planung.\"\n\t\t                rows=\"6\"\n            ><\/textarea>\n        <\/article>\n        <article class=\"contact-row\">\n                        <label class=\"privacy-check\">\n                <input type=\"checkbox\" name=\"cc-privacy\" id=\"privacy\" required>\n                Ich stimme dem zu <a href=\"\/de\/datenschutzrichtlinie\/\">Datenschutzrichtlinie<\/a>.\n            <\/label>\n        <\/article>\n        <article class=\"contact-row\">\n            <label type=\"hidden\" id=\"captcha-label\" style=\"display: none; color: red;\"><\/label>\n            <input id='recaptcha' class=\"g-recaptcha\" type=\"submit\" value=\"Schicken\" data-sitekey=\"6LeoCRIgAAAAAFGEHBimhbu4Ac0qLhPJSwqTq9Rq\" data-callback=\"ccSubmit\" data-action=\"submit\">\n        <\/article>\n    <input type=\"hidden\" name=\"trp-form-language\" value=\"de\"\/><\/form>\n<\/div>\n<script>\n    function ccSubmit(token) {\n        document.getElementById(\"cc-contact-form\").submit();\n    }\n<\/script>\n\n\n\t\t<\/div>\n\t<\/div>\n\n\t\t<\/div>\n\t<\/div>\n\t<\/div>\n\n<\/div>\n<\/div>\n\n\t\t<\/div>\n\t<\/div>\n\t<\/div>\n<\/div>\n<\/div>\n\n<\/section>","protected":false},"excerpt":{"rendered":"<p>\u2026 <a class=\"more-link\" href=\"https:\/\/salvia-sanpedro.com\/de\/mehr-informationen\/\">Weiterlesen<\/a><\/p>","protected":false},"author":1,"featured_media":4283,"parent":0,"menu_order":6,"comment_status":"closed","ping_status":"closed","template":"","meta":{"footnotes":""},"class_list":["post-3121","page","type-page","status-publish","has-post-thumbnail","hentry"],"yoast_head":"<!-- This site is optimized with the Yoast SEO plugin v26.0 - https:\/\/yoast.com\/wordpress\/plugins\/seo\/ -->\n<title>Meer informatie - Salvia - San Pedro<\/title>\n<meta name=\"robots\" content=\"index, follow, max-snippet:-1, max-image-preview:large, max-video-preview:-1\" \/>\n<link rel=\"canonical\" href=\"https:\/\/salvia-sanpedro.com\/de\/mehr-informationen\/\" \/>\n<meta property=\"og:locale\" content=\"de_DE\" \/>\n<meta property=\"og:type\" content=\"article\" \/>\n<meta property=\"og:title\" content=\"Meer informatie - Salvia - San Pedro\" \/>\n<meta property=\"og:url\" content=\"https:\/\/salvia-sanpedro.com\/de\/mehr-informationen\/\" \/>\n<meta property=\"og:site_name\" content=\"Salvia - San Pedro\" \/>\n<meta property=\"article:modified_time\" content=\"2025-10-21T14:03:49+00:00\" \/>\n<meta property=\"og:image\" content=\"https:\/\/salvia-sanpedro.com\/wp-content\/uploads\/sites\/33\/2023\/11\/apartments-salvia-san-pedro-overview.jpg\" \/>\n\t<meta property=\"og:image:width\" content=\"1920\" \/>\n\t<meta property=\"og:image:height\" content=\"1198\" \/>\n\t<meta property=\"og:image:type\" content=\"image\/jpeg\" \/>\n<meta name=\"twitter:card\" content=\"summary_large_image\" \/>\n<meta name=\"twitter:label1\" content=\"Gesch\u00e4tzte Lesezeit\" \/>\n\t<meta name=\"twitter:data1\" content=\"2\u00a0Minuten\" \/>\n<script type=\"application\/ld+json\" class=\"yoast-schema-graph\">{\"@context\":\"https:\/\/schema.org\",\"@graph\":[{\"@type\":\"WebPage\",\"@id\":\"https:\/\/salvia-sanpedro.com\/meer-informatie\/\",\"url\":\"https:\/\/salvia-sanpedro.com\/meer-informatie\/\",\"name\":\"Meer informatie - Salvia - San Pedro\",\"isPartOf\":{\"@id\":\"https:\/\/salvia-sanpedro.com\/#website\"},\"primaryImageOfPage\":{\"@id\":\"https:\/\/salvia-sanpedro.com\/meer-informatie\/#primaryimage\"},\"image\":{\"@id\":\"https:\/\/salvia-sanpedro.com\/meer-informatie\/#primaryimage\"},\"thumbnailUrl\":\"https:\/\/salvia-sanpedro.com\/wp-content\/uploads\/sites\/33\/2023\/11\/apartments-salvia-san-pedro-overview.jpg\",\"datePublished\":\"2022-02-14T14:08:43+00:00\",\"dateModified\":\"2025-10-21T14:03:49+00:00\",\"breadcrumb\":{\"@id\":\"https:\/\/salvia-sanpedro.com\/meer-informatie\/#breadcrumb\"},\"inLanguage\":\"de\",\"potentialAction\":[{\"@type\":\"ReadAction\",\"target\":[\"https:\/\/salvia-sanpedro.com\/meer-informatie\/\"]}]},{\"@type\":\"ImageObject\",\"inLanguage\":\"de\",\"@id\":\"https:\/\/salvia-sanpedro.com\/meer-informatie\/#primaryimage\",\"url\":\"https:\/\/salvia-sanpedro.com\/wp-content\/uploads\/sites\/33\/2023\/11\/apartments-salvia-san-pedro-overview.jpg\",\"contentUrl\":\"https:\/\/salvia-sanpedro.com\/wp-content\/uploads\/sites\/33\/2023\/11\/apartments-salvia-san-pedro-overview.jpg\",\"width\":1920,\"height\":1198},{\"@type\":\"BreadcrumbList\",\"@id\":\"https:\/\/salvia-sanpedro.com\/meer-informatie\/#breadcrumb\",\"itemListElement\":[{\"@type\":\"ListItem\",\"position\":1,\"name\":\"Home\",\"item\":\"https:\/\/salvia-sanpedro.com\/\"},{\"@type\":\"ListItem\",\"position\":2,\"name\":\"Meer informatie\"}]},{\"@type\":\"WebSite\",\"@id\":\"https:\/\/salvia-sanpedro.com\/#website\",\"url\":\"https:\/\/salvia-sanpedro.com\/\",\"name\":\"Salvia - San Pedro\",\"description\":\"\",\"potentialAction\":[{\"@type\":\"SearchAction\",\"target\":{\"@type\":\"EntryPoint\",\"urlTemplate\":\"https:\/\/salvia-sanpedro.com\/?s={search_term_string}\"},\"query-input\":{\"@type\":\"PropertyValueSpecification\",\"valueRequired\":true,\"valueName\":\"search_term_string\"}}],\"inLanguage\":\"de\"}]}<\/script>\n<!-- \/ Yoast SEO plugin. -->","yoast_head_json":{"title":"Weitere Informationen - Salvia - San Pedro","robots":{"index":"index","follow":"follow","max-snippet":"max-snippet:-1","max-image-preview":"max-image-preview:large","max-video-preview":"max-video-preview:-1"},"canonical":"https:\/\/salvia-sanpedro.com\/de\/mehr-informationen\/","og_locale":"de_DE","og_type":"article","og_title":"Meer informatie - Salvia - San Pedro","og_url":"https:\/\/salvia-sanpedro.com\/de\/mehr-informationen\/","og_site_name":"Salvia - San Pedro","article_modified_time":"2025-10-21T14:03:49+00:00","og_image":[{"width":1920,"height":1198,"url":"https:\/\/salvia-sanpedro.com\/wp-content\/uploads\/sites\/33\/2023\/11\/apartments-salvia-san-pedro-overview.jpg","type":"image\/jpeg"}],"twitter_card":"summary_large_image","twitter_misc":{"Gesch\u00e4tzte Lesezeit":"2\u00a0Minuten"},"schema":{"@context":"https:\/\/schema.org","@graph":[{"@type":"WebPage","@id":"https:\/\/salvia-sanpedro.com\/meer-informatie\/","url":"https:\/\/salvia-sanpedro.com\/meer-informatie\/","name":"Weitere Informationen - Salvia - San Pedro","isPartOf":{"@id":"https:\/\/salvia-sanpedro.com\/#website"},"primaryImageOfPage":{"@id":"https:\/\/salvia-sanpedro.com\/meer-informatie\/#primaryimage"},"image":{"@id":"https:\/\/salvia-sanpedro.com\/meer-informatie\/#primaryimage"},"thumbnailUrl":"https:\/\/salvia-sanpedro.com\/wp-content\/uploads\/sites\/33\/2023\/11\/apartments-salvia-san-pedro-overview.jpg","datePublished":"2022-02-14T14:08:43+00:00","dateModified":"2025-10-21T14:03:49+00:00","breadcrumb":{"@id":"https:\/\/salvia-sanpedro.com\/meer-informatie\/#breadcrumb"},"inLanguage":"de","potentialAction":[{"@type":"ReadAction","target":["https:\/\/salvia-sanpedro.com\/meer-informatie\/"]}]},{"@type":"ImageObject","inLanguage":"de","@id":"https:\/\/salvia-sanpedro.com\/meer-informatie\/#primaryimage","url":"https:\/\/salvia-sanpedro.com\/wp-content\/uploads\/sites\/33\/2023\/11\/apartments-salvia-san-pedro-overview.jpg","contentUrl":"https:\/\/salvia-sanpedro.com\/wp-content\/uploads\/sites\/33\/2023\/11\/apartments-salvia-san-pedro-overview.jpg","width":1920,"height":1198},{"@type":"BreadcrumbList","@id":"https:\/\/salvia-sanpedro.com\/meer-informatie\/#breadcrumb","itemListElement":[{"@type":"ListItem","position":1,"name":"Home","item":"https:\/\/salvia-sanpedro.com\/"},{"@type":"ListItem","position":2,"name":"Meer informatie"}]},{"@type":"WebSite","@id":"https:\/\/salvia-sanpedro.com\/#website","url":"https:\/\/salvia-sanpedro.com\/","name":"Salvia - San Pedro","description":"","potentialAction":[{"@type":"SearchAction","target":{"@type":"EntryPoint","urlTemplate":"https:\/\/salvia-sanpedro.com\/?s={search_term_string}"},"query-input":{"@type":"PropertyValueSpecification","valueRequired":true,"valueName":"search_term_string"}}],"inLanguage":"de"}]}},"_links":{"self":[{"href":"https:\/\/salvia-sanpedro.com\/de\/wp-json\/wp\/v2\/pages\/3121","targetHints":{"allow":["GET"]}}],"collection":[{"href":"https:\/\/salvia-sanpedro.com\/de\/wp-json\/wp\/v2\/pages"}],"about":[{"href":"https:\/\/salvia-sanpedro.com\/de\/wp-json\/wp\/v2\/types\/page"}],"author":[{"embeddable":true,"href":"https:\/\/salvia-sanpedro.com\/de\/wp-json\/wp\/v2\/users\/1"}],"replies":[{"embeddable":true,"href":"https:\/\/salvia-sanpedro.com\/de\/wp-json\/wp\/v2\/comments?post=3121"}],"version-history":[{"count":21,"href":"https:\/\/salvia-sanpedro.com\/de\/wp-json\/wp\/v2\/pages\/3121\/revisions"}],"predecessor-version":[{"id":4343,"href":"https:\/\/salvia-sanpedro.com\/de\/wp-json\/wp\/v2\/pages\/3121\/revisions\/4343"}],"wp:featuredmedia":[{"embeddable":true,"href":"https:\/\/salvia-sanpedro.com\/de\/wp-json\/wp\/v2\/media\/4283"}],"wp:attachment":[{"href":"https:\/\/salvia-sanpedro.com\/de\/wp-json\/wp\/v2\/media?parent=3121"}],"curies":[{"name":"wp","href":"https:\/\/api.w.org\/{rel}","templated":true}]}}