{"id":95,"date":"2022-01-27T10:58:29","date_gmt":"2022-01-27T10:58:29","guid":{"rendered":"http:\/\/cognito.mprinsdesign.nl\/?page_id=95"},"modified":"2026-03-05T19:10:23","modified_gmt":"2026-03-05T19:10:23","slug":"komplex","status":"publish","type":"page","link":"https:\/\/salvia-sanpedro.com\/cs\/komplex\/","title":{"rendered":"Salvia San Pedro"},"content":{"rendered":"<section class=\"wpb-content-wrapper\"><div  class=\"content_row row page-content vc_row wpb_row  default-style fullwidth\" >\n\t\n\t<div class=\"content_row_wrapper  default\" >\n\t<div id=\"asdasd\" class=\"vc_col-sm-12 wpb_column vc_column_container\" >\n\t<div class=\"vc_column-inner\">\n\t\t<div class=\"wpb_wrapper\" >\n\t\t\t<div class=\"rt_heading_wrapper no-style\">\n\t\t\t\t\t\t<h1 class=\"rt_heading  no-style\"  style=\"font-size:24px;margin-top:24px;margin-bottom:0px;\">Salvia \u2013 San Pedro \u2013 <span class=\"after_h1\">Benalm\u00e1dena. Od 630 000 \u20ac (25. 10.)<\/span><\/h1> \n\t\t\t\t\t<\/div><div class=\"vc_empty_space\"   style=\"height: 32px\"><span class=\"vc_empty_space_inner\"><\/span><\/div><div class=\"vc_separator wpb_content_element vc_separator_align_center vc_sep_width_100 vc_sep_style-4 vc_sep_pos_align_center vc_separator_no_text vc_sep_color_grey\" ><span class=\"vc_sep_holder vc_sep_holder_l\"><span class=\"vc_sep_line\"><\/span><\/span><span class=\"vc_sep_holder vc_sep_holder_r\"><span class=\"vc_sep_line\"><\/span><\/span>\n<\/div><div class=\"vc_empty_space\"   style=\"height: 32px\"><span class=\"vc_empty_space_inner\"><\/span><\/div>\n\t<div class=\"wpb_text_column wpb_content_element\" >\n\t\t<div class=\"wpb_wrapper\">\n\t\t\t<div class=\"\">\n<p><span style=\"font-weight: 400;\">Salvia San Pedro je exkluzivn\u00ed reziden\u010dn\u00ed komunita nach\u00e1zej\u00edc\u00ed se v San Pedro de Alcantaria v srdci Costa del Sol. Resort v doch\u00e1zkov\u00e9 vzd\u00e1lenosti od pl\u00e1\u017ee a mo\u0159e a pobl\u00ed\u017e Marbelly a Puerto Banus. Tento modern\u00ed reziden\u010dn\u00ed komplex nab\u00edz\u00ed jedine\u010dnou kombinaci designu, pohodl\u00ed a p\u0159\u00edstupu na kr\u00e1sn\u00e9 pl\u00e1\u017ee, jako je pl\u00e1\u017e San Pedro a Playa de Cortijo Blanco.<\/span><\/p>\n<p><b>O BEACH RESORT SALVIA SAN PEDRO<\/b><\/p>\n<p>&nbsp;<\/p>\n<p><b><i>Exkluzivn\u00ed reziden\u010dn\u00ed komunita, kde najdete p\u0159\u00e1tele<\/i><\/b><\/p>\n<p><span style=\"font-weight: 400;\">Obyvatel\u00e9 Sslvia San Predro <\/span><span style=\"font-weight: 400;\">jsou sou\u010d\u00e1st\u00ed exkluzivn\u00ed a tepl\u00e9 reziden\u010dn\u00ed komunity. Sd\u00edlen\u00e9 prostory jsou d\u016fle\u017eitou sou\u010d\u00e1st\u00ed t\u00e9to filozofie, od modern\u00edch co-workingov\u00fdch prostor po osv\u011b\u017euj\u00edc\u00ed baz\u00e9n, sv\u011b\u017e\u00ed zelen\u00e9 zahrady a pln\u011b vybaven\u00e9 fitness centrum. V\u0161e navr\u017eeno tak, aby navazovalo spojen\u00ed a podporovalo va\u0161i pohodu. Va\u0161e vlastn\u00ed zn\u00e1m\u00e1 obytn\u00e1 \u010dtvr\u0165 s vysokou m\u00edrou soci\u00e1ln\u00ed soudr\u017enosti; pocit bezpe\u010d\u00ed, solidarity a mnoho m\u00edst pro vz\u00e1jemn\u00e1 setk\u00e1n\u00ed.\u00a0<\/span><\/p>\n<p>&nbsp;<\/p>\n<p><b><i>Udr\u017eiteln\u00e1 a vysoce kvalitn\u00ed konstrukce\u00a0<\/i><\/b><\/p>\n<p><span style=\"font-weight: 400;\">Salvia San Pedro, postaven\u00fd s d\u016frazem na kvalitu a udr\u017eitelnost, nab\u00edz\u00ed \u0159adu za\u0159\u00edzen\u00ed a vybaven\u00ed, kter\u00e9 maj\u00ed obohatit \u017eivoty sv\u00fdch obyvatel.\u00a0<\/span><\/p>\n<p><span style=\"font-weight: 400;\">Komplex Salvia San Pedro je p\u0159\u00edkladem modern\u00ed elegance, navr\u017een\u00fd s citem pro detail a jedine\u010dn\u00fdm z\u00e1\u017eitkem z bydlen\u00ed. Apartm\u00e1ny jsou prostorn\u00e9 s vysok\u00fdmi stropy a velk\u00fdmi okny, kter\u00e9 propou\u0161t\u011bj\u00ed p\u0159irozen\u00e9 sv\u011btlo a poskytuj\u00ed obyvatel\u016fm dechberouc\u00ed v\u00fdhledy. Ka\u017ed\u00fd d\u016fm nab\u00edz\u00ed plynul\u00fd p\u0159echod z interi\u00e9ru do exteri\u00e9ru s velkorys\u00fdmi soukrom\u00fdmi terasami, kter\u00e9 v\u00e1s zvou k odpo\u010dinku v jemn\u00e9m mo\u0159sk\u00e9m v\u00e1nku.<\/span><\/p>\n<p><span style=\"font-weight: 400;\">Jen m\u00e1lo pr\u00e9miov\u00fdch luxusn\u00edch apartm\u00e1nov\u00fdch komplex\u016f se m\u016f\u017ee pochlubit kvalitou specifikac\u00ed, kter\u00e9 Marbella Beach Resort nab\u00edz\u00ed. Materi\u00e1ly a dopl\u0148ky jsou t\u00e9 nejvy\u0161\u0161\u00ed kvality, od aerotermick\u00e9 klimatizace a\u017e po velkoplo\u0161n\u00e9 dla\u017eby, designov\u00e9 kuchyn\u011b, kvalitn\u00ed spot\u0159ebi\u010de, koupelnov\u00e9 dopl\u0148ky a za\u0159izovac\u00ed p\u0159edm\u011bty v bytech. U\u0161lechtil\u00e9 materi\u00e1ly jako d\u0159evo a k\u00e1men dopl\u0148uj\u00ed sou\u010dasn\u00fd design a vyvol\u00e1vaj\u00ed atraktivn\u00ed pocit p\u0159irozen\u00e9ho tepla do vize.<\/span><\/p>\n<p><span style=\"font-weight: 400;\">Modern\u00ed design, bohat\u00e1 zele\u0148 s p\u016fvodn\u00edmi rostlinami a udr\u017eiteln\u00e1 za\u0159\u00edzen\u00ed plynule spl\u00fdvaj\u00ed a nastavuj\u00ed zlat\u00fd standard v luxusu a klidu.\u00a0<\/span><\/p>\n<p>&nbsp;<\/p>\n<p><b>Spole\u010dn\u00e9 prostory s rozs\u00e1hl\u00fdm z\u00e1zem\u00edm v zelen\u00e9 o\u00e1ze<\/b><\/p>\n<p><i><span style=\"font-weight: 400;\">Baz\u00e9n se slanou vodou s d\u011btsk\u00fdm baz\u00e9nem<\/span><\/i><\/p>\n<p><span style=\"font-weight: 400;\">Udr\u017eiteln\u00fd baz\u00e9n se slanou vodou je l\u00e1kavou atrakc\u00ed po cel\u00fd rok, odr\u00e1\u017e\u00ed modrou st\u0159edomo\u0159skou oblohu a bohat\u00e1 zelen\u00e1 v\u00fdsadba zahrad hladce spl\u00fdv\u00e1 se zelen\u00fdm okol\u00edm. Ka\u017ed\u00e1 nuance byla pe\u010dliv\u011b vybr\u00e1na, aby vytvo\u0159ila toto \u00fato\u010di\u0161t\u011b klidu a harmonie. Tak se osv\u011b\u017ete v k\u0159i\u0161\u0165\u00e1lov\u011b \u010dist\u00e9 vod\u011b baz\u00e9nu nebo se opalujte na prostorn\u00e9 slune\u010dn\u00ed terase, zat\u00edmco se nejmen\u0161\u00ed c\u00e1kaj\u00ed v bezpe\u010dn\u00e9m d\u011btsk\u00e9m baz\u00e9n.<\/span><\/p>\n<p>&nbsp;<\/p>\n<p><i><span style=\"font-weight: 400;\">Upraven\u00e9 zahrady<\/span><\/i><\/p>\n<p><span style=\"font-weight: 400;\">Projd\u011bte se sv\u011b\u017e\u00edmi zelen\u00fdmi zahradami s bujn\u00fdmi p\u016fvodn\u00edmi rostlinami. O\u00e1za klidu, kde v\u016fn\u011b rozkvetl\u00e9ho jasm\u00ednu a jemn\u00fd zvuk vln\u00edc\u00ed se vody uklidn\u00ed va\u0161e smysly.<\/span><\/p>\n<p><i><span style=\"font-weight: 400;\">Fitness centrum a l\u00e1zn\u011b<\/span><\/i><\/p>\n<p><span style=\"font-weight: 400;\">Denn\u011b je v\u00e1m k dispozici pln\u011b vybaven\u00e1 posilovna a l\u00e1zn\u011b. Z\u016fsta\u0148te fit a odpo\u010di\u0148te si d\u00edky nejmodern\u011bj\u0161\u00edmu fitness za\u0159\u00edzen\u00ed a klidn\u00e9mu l\u00e1ze\u0148sk\u00e9mu centru, kde m\u016f\u017eete uniknout shonu.<\/span><\/p>\n<p><i><span style=\"font-weight: 400;\">Bezpe\u010dnostn\u00ed a concierge slu\u017eba<\/span><\/i><\/p>\n<p><span style=\"font-weight: 400;\">Za\u017eijte klid s 24hodinovou ostrahou a specializovanou recep\u010dn\u00ed slu\u017ebou p\u0159ipravenou splnit v\u0161echny va\u0161e pot\u0159eby, od rezervace v restauraci a\u017e po zaji\u0161t\u011bn\u00ed dopravy.<\/span><\/p>\n<p>&nbsp;<\/p>\n<p><b><i>Apartm\u00e1ny a penthousy \u2013 2 a\u017e 4 lo\u017enice<\/i><\/b><\/p>\n<p><span style=\"font-weight: 400;\">Tento exkluzivn\u00ed apartm\u00e1nov\u00fd komplex nab\u00edz\u00ed nejmodern\u011bj\u0161\u00ed vybaven\u00ed \u0161it\u00e9 na m\u00edru n\u00e1ro\u010dn\u00e9mu jednotlivci. Od 2 do 4 lo\u017enic, apartm\u00e1n\u016f a penthouse, s prostorn\u00fdmi interi\u00e9ry a\u017e do 195 m2 a fantastick\u00fdmi terasami a\u017e do 189 m2, ka\u017ed\u00fd apartm\u00e1n je d\u016fkazem sou\u010dasn\u00e9ho designu a elegance. V\u0161echny domy maj\u00ed v cen\u011b minim\u00e1ln\u011b jedno parkovac\u00ed st\u00e1n\u00ed a \u00falo\u017en\u00fd prostor. Na\u0161e spole\u010dn\u00e9 prostory nejsou o nic m\u00e9n\u011b p\u016fsobiv\u00e9, pono\u0159te se do nejmodern\u011bj\u0161\u00edch za\u0159\u00edzen\u00ed, jako je vyhrazen\u00fd coworkingov\u00fd prostor pro modern\u00ed profesion\u00e1ly, nab\u00edjec\u00ed stanice pro elektromobily pro ekologicky zam\u011b\u0159en\u00e9, kryt\u00fd vyh\u0159\u00edvan\u00fd baz\u00e9n a pln\u011b vybaven\u00e1 posilovna a l\u00e1zn\u011b. Are\u00e1l je zcela uzav\u0159en\u00fd, se zabezpe\u010den\u00fdm vjezdem a kontroln\u00ed br\u00e1nou.<\/span><\/p>\n<p><b><i>Ceny Beach Resort Salvia San Pedro<\/i><\/b><\/p>\n<pre><span style=\"font-weight: 400;\">\u0158\u00edjen\/2025 Kupn\u00ed ceny (bez DPH 10%) a m\u00b2 jsou n\u00e1sleduj\u00edc\u00ed:<\/span><\/pre>\n<ul>\n<li style=\"font-weight: 400;\" aria-level=\"1\">\n<p style=\"font-weight: 400;\"><strong>Dvoupokojov\u00e9 apartm\u00e1ny se dv\u011bma koupelnami nab\u00edzej\u00ed 80 m\u00b2 zastav\u011bn\u00e9 plochy a 15 m\u00b2 terasy. Ceny za\u010d\u00ednaj\u00ed na 630 000 \u20ac.<\/strong><\/p>\n<\/li>\n<li style=\"font-weight: 400;\" aria-level=\"1\">\n<p style=\"font-weight: 400;\"><strong>Byty se 3 lo\u017enicemi a 2 koupelnami nab\u00edzej\u00ed 113 m\u00b2 zastav\u011bn\u00e9 plochy a terasu o rozloze 20 m\u00b2. Ceny za\u010d\u00ednaj\u00ed na 845 000 \u20ac.<\/strong><\/p>\n<\/li>\n<li style=\"font-weight: 400;\" aria-level=\"1\">\n<p style=\"font-weight: 400;\"><strong>Apartm\u00e1ny se 4 lo\u017enicemi a 3 koupelnami nab\u00edzej\u00ed 162 m\u00b2 zastav\u011bn\u00e9 plochy a 28 m\u00b2 terasy. Ceny za\u010d\u00ednaj\u00ed od 975 000 EUR.<\/strong><\/p>\n<\/li>\n<li style=\"font-weight: 400;\" aria-level=\"1\">\n<p style=\"font-weight: 400;\"><strong>Penthousy se 3 lo\u017enicemi a 2 koupelnami nab\u00edzej\u00ed 114 m\u00b2 zastav\u011bn\u00e9 plochy a terasu o rozloze 35 m\u00b2. Ceny za\u010d\u00ednaj\u00ed na 1 150 000 EUR.<\/strong><\/p>\n<\/li>\n<\/ul>\n<\/div>\n\n\t\t<\/div>\n\t<\/div>\n\n\t\t<\/div>\n\t<\/div>\n\t<\/div>\n\n<\/div>\n<\/div>\n\n<div  class=\"content_row row page-content vc_row wpb_row  default-style fullwidth\" style=\"background-color: #bbac8c;\">\n\t\n\t<div class=\"content_row_wrapper  default\" >\n\t<div id=\"asdasd\" class=\"vc_col-sm-12 wpb_column vc_column_container\" >\n\t<div class=\"vc_column-inner\">\n\t\t<div class=\"wpb_wrapper\" >\n\t\t\t<div class=\"rt_heading_wrapper no-style\">\n\t\t\t\t\t\t<h1 class=\"rt_heading  no-style\"  style=\"font-size:24px;margin-top:24px;margin-bottom:0px;\">Funkce - <span class=\"after_h1 white\">\u0160ALVIE SAN PEDRO<\/span><\/h1> \n\t\t\t\t\t<\/div><div class=\"vc_empty_space\"   style=\"height: 32px\"><span class=\"vc_empty_space_inner\"><\/span><\/div><div class=\"vc_separator wpb_content_element vc_separator_align_center vc_sep_width_100 vc_sep_style-4 vc_sep_pos_align_center vc_separator_no_text vc_sep_color_grey\" ><span class=\"vc_sep_holder vc_sep_holder_l\"><span class=\"vc_sep_line\"><\/span><\/span><span class=\"vc_sep_holder vc_sep_holder_r\"><span class=\"vc_sep_line\"><\/span><\/span>\n<\/div>\n\t<div class=\"wpb_text_column wpb_content_element\" >\n\t\t<div class=\"wpb_wrapper\">\n\t\t\t\t \n\t\t<div  class=\"bullet-list style-1  check\">\n\t\t<ul>\n<li><span style=\"font-weight: 400;\">pr\u00e9miov\u00fd luxusn\u00ed bytov\u00fd komplex<\/span><\/li>\n<li><span style=\"font-weight: 400;\">prostorn\u00e9 interi\u00e9ry a\u017e 195 m2 a fantastick\u00e9 terasy a\u017e 189 m2<\/span><\/li>\n<li>2, 3 a 4 lo\u017enice<\/li>\n<li><span style=\"font-weight: 400;\">prostorn\u00fd s vysok\u00fdmi stropy a velk\u00fdmi okny<\/span><\/li>\n<li><span style=\"font-weight: 400;\">zelen\u00e9 zahrady s bujn\u00fdmi p\u016fvodn\u00edmi rostlinami<\/span><\/li>\n<li><span style=\"font-weight: 400;\">alespo\u0148 jedno parkovac\u00ed m\u00edsto<\/span><\/li>\n<li>ceny od 540 000 \u20ac.<\/li>\n<\/ul>\n\n\t\t<\/div>\n\t\n\n\t\t<\/div>\n\t<\/div>\n\n\t\t<\/div>\n\t<\/div>\n\t<\/div>\n\n<\/div>\n<\/div>\n\n<div  class=\"content_row row quote-row vc_row wpb_row  default-style fullwidth\" style=\"background-color: #fcfcfc;\">\n\t\n\t<div class=\"content_row_wrapper  fullwidth\" >\n\t<div id=\"asdasd\" class=\"vc_col-sm-12 wpb_column vc_column_container vc_custom_1644925648982\" >\n\t<div class=\"vc_column-inner\">\n\t\t<div class=\"wpb_wrapper\" >\n\t\t\t<div class=\"rt_heading_wrapper style-3\">\n\t\t\t\t\t\t<h4 class=\"rt_heading serif quote-max-width style-3\" >Informa\u010dn\u00ed bal\u00ed\u010dek SALVIA SAN PEDRO <a href=\"https:\/\/salvia-sanpedro.com\/cs\/vice-informaci\/\"> Vy\u017e\u00e1dejte si bro\u017euru a cen\u00edk <\/a><\/h4> \n\t\t\t\t\t<\/div>\n\t\t<\/div>\n\t<\/div>\n\t<\/div>\n\n<\/div>\n<\/div>\n\n<div  class=\"content_row row vc_row wpb_row  default-style fullwidth\" >\n\t\n\t<div class=\"content_row_wrapper  default\" >\n\t<div id=\"asdasd\" class=\"vc_col-sm-12 wpb_column vc_column_container\" >\n\t<div class=\"vc_column-inner\">\n\t\t<div class=\"wpb_wrapper\" >\n\t\t\t<div class=\"button_wrapper aligncenter\"><a  href=\"\/cs\/vice-informaci\/\" target=\"_self\" title=\"&gt; v\u00edce informac\u00ed\" class=\"button_  style-2 small\">&gt; v\u00edce informac\u00ed<\/a><\/div>\n\t\t<\/div>\n\t<\/div>\n\t<\/div>\n\n<\/div>\n<\/div>\n<\/section>","protected":false},"excerpt":{"rendered":"<p>\u2026 <a class=\"more-link\" href=\"https:\/\/salvia-sanpedro.com\/cs\/komplex\/\">pokra\u010dovat ve \u010dten\u00ed<\/a><\/p>","protected":false},"author":1,"featured_media":4295,"parent":0,"menu_order":3,"comment_status":"closed","ping_status":"closed","template":"","meta":{"footnotes":""},"class_list":["post-95","page","type-page","status-publish","has-post-thumbnail","hentry"],"yoast_head":"<!-- This site is optimized with the Yoast SEO plugin v26.0 - https:\/\/yoast.com\/wordpress\/plugins\/seo\/ -->\n<title>Salvia San Pedro - Salvia - San Pedro<\/title>\n<meta name=\"robots\" content=\"index, follow, max-snippet:-1, max-image-preview:large, max-video-preview:-1\" \/>\n<link rel=\"canonical\" href=\"https:\/\/salvia-sanpedro.com\/cs\/komplex\/\" \/>\n<meta property=\"og:locale\" content=\"cs_CZ\" \/>\n<meta property=\"og:type\" content=\"article\" \/>\n<meta property=\"og:title\" content=\"Salvia San Pedro - Salvia - San Pedro\" \/>\n<meta property=\"og:url\" content=\"https:\/\/salvia-sanpedro.com\/cs\/komplex\/\" \/>\n<meta property=\"og:site_name\" content=\"Salvia - San Pedro\" \/>\n<meta property=\"article:modified_time\" content=\"2026-03-05T19:10:23+00:00\" \/>\n<meta property=\"og:image\" content=\"https:\/\/salvia-sanpedro.com\/wp-content\/uploads\/sites\/33\/2022\/03\/apartments-salvia-san-pedro-living-terrace.jpg\" \/>\n\t<meta property=\"og:image:width\" content=\"1920\" \/>\n\t<meta property=\"og:image:height\" content=\"1034\" \/>\n\t<meta property=\"og:image:type\" content=\"image\/jpeg\" \/>\n<meta name=\"twitter:card\" content=\"summary_large_image\" \/>\n<meta name=\"twitter:label1\" content=\"Odhadovan\u00e1 doba \u010dten\u00ed\" \/>\n\t<meta name=\"twitter:data1\" content=\"6 minut\" \/>\n<script type=\"application\/ld+json\" class=\"yoast-schema-graph\">{\"@context\":\"https:\/\/schema.org\",\"@graph\":[{\"@type\":\"WebPage\",\"@id\":\"https:\/\/salvia-sanpedro.com\/het-complex\/\",\"url\":\"https:\/\/salvia-sanpedro.com\/het-complex\/\",\"name\":\"Salvia San Pedro - Salvia - San Pedro\",\"isPartOf\":{\"@id\":\"https:\/\/salvia-sanpedro.com\/#website\"},\"primaryImageOfPage\":{\"@id\":\"https:\/\/salvia-sanpedro.com\/het-complex\/#primaryimage\"},\"image\":{\"@id\":\"https:\/\/salvia-sanpedro.com\/het-complex\/#primaryimage\"},\"thumbnailUrl\":\"https:\/\/salvia-sanpedro.com\/wp-content\/uploads\/sites\/33\/2022\/03\/apartments-salvia-san-pedro-living-terrace.jpg\",\"datePublished\":\"2022-01-27T10:58:29+00:00\",\"dateModified\":\"2026-03-05T19:10:23+00:00\",\"breadcrumb\":{\"@id\":\"https:\/\/salvia-sanpedro.com\/het-complex\/#breadcrumb\"},\"inLanguage\":\"cs\",\"potentialAction\":[{\"@type\":\"ReadAction\",\"target\":[\"https:\/\/salvia-sanpedro.com\/het-complex\/\"]}]},{\"@type\":\"ImageObject\",\"inLanguage\":\"cs\",\"@id\":\"https:\/\/salvia-sanpedro.com\/het-complex\/#primaryimage\",\"url\":\"https:\/\/salvia-sanpedro.com\/wp-content\/uploads\/sites\/33\/2022\/03\/apartments-salvia-san-pedro-living-terrace.jpg\",\"contentUrl\":\"https:\/\/salvia-sanpedro.com\/wp-content\/uploads\/sites\/33\/2022\/03\/apartments-salvia-san-pedro-living-terrace.jpg\",\"width\":1920,\"height\":1034},{\"@type\":\"BreadcrumbList\",\"@id\":\"https:\/\/salvia-sanpedro.com\/het-complex\/#breadcrumb\",\"itemListElement\":[{\"@type\":\"ListItem\",\"position\":1,\"name\":\"Home\",\"item\":\"https:\/\/salvia-sanpedro.com\/\"},{\"@type\":\"ListItem\",\"position\":2,\"name\":\"Salvia San Pedro\"}]},{\"@type\":\"WebSite\",\"@id\":\"https:\/\/salvia-sanpedro.com\/#website\",\"url\":\"https:\/\/salvia-sanpedro.com\/\",\"name\":\"Salvia - San Pedro\",\"description\":\"\",\"potentialAction\":[{\"@type\":\"SearchAction\",\"target\":{\"@type\":\"EntryPoint\",\"urlTemplate\":\"https:\/\/salvia-sanpedro.com\/?s={search_term_string}\"},\"query-input\":{\"@type\":\"PropertyValueSpecification\",\"valueRequired\":true,\"valueName\":\"search_term_string\"}}],\"inLanguage\":\"cs\"}]}<\/script>\n<!-- \/ Yoast SEO plugin. -->","yoast_head_json":{"title":"Salvia San Pedro - Salvia - San Pedro","robots":{"index":"index","follow":"follow","max-snippet":"max-snippet:-1","max-image-preview":"max-image-preview:large","max-video-preview":"max-video-preview:-1"},"canonical":"https:\/\/salvia-sanpedro.com\/cs\/komplex\/","og_locale":"cs_CZ","og_type":"article","og_title":"Salvia San Pedro - Salvia - San Pedro","og_url":"https:\/\/salvia-sanpedro.com\/cs\/komplex\/","og_site_name":"Salvia - San Pedro","article_modified_time":"2026-03-05T19:10:23+00:00","og_image":[{"width":1920,"height":1034,"url":"https:\/\/salvia-sanpedro.com\/wp-content\/uploads\/sites\/33\/2022\/03\/apartments-salvia-san-pedro-living-terrace.jpg","type":"image\/jpeg"}],"twitter_card":"summary_large_image","twitter_misc":{"Odhadovan\u00e1 doba \u010dten\u00ed":"6 minut"},"schema":{"@context":"https:\/\/schema.org","@graph":[{"@type":"WebPage","@id":"https:\/\/salvia-sanpedro.com\/het-complex\/","url":"https:\/\/salvia-sanpedro.com\/het-complex\/","name":"Salvia San Pedro - Salvia - San Pedro","isPartOf":{"@id":"https:\/\/salvia-sanpedro.com\/#website"},"primaryImageOfPage":{"@id":"https:\/\/salvia-sanpedro.com\/het-complex\/#primaryimage"},"image":{"@id":"https:\/\/salvia-sanpedro.com\/het-complex\/#primaryimage"},"thumbnailUrl":"https:\/\/salvia-sanpedro.com\/wp-content\/uploads\/sites\/33\/2022\/03\/apartments-salvia-san-pedro-living-terrace.jpg","datePublished":"2022-01-27T10:58:29+00:00","dateModified":"2026-03-05T19:10:23+00:00","breadcrumb":{"@id":"https:\/\/salvia-sanpedro.com\/het-complex\/#breadcrumb"},"inLanguage":"cs","potentialAction":[{"@type":"ReadAction","target":["https:\/\/salvia-sanpedro.com\/het-complex\/"]}]},{"@type":"ImageObject","inLanguage":"cs","@id":"https:\/\/salvia-sanpedro.com\/het-complex\/#primaryimage","url":"https:\/\/salvia-sanpedro.com\/wp-content\/uploads\/sites\/33\/2022\/03\/apartments-salvia-san-pedro-living-terrace.jpg","contentUrl":"https:\/\/salvia-sanpedro.com\/wp-content\/uploads\/sites\/33\/2022\/03\/apartments-salvia-san-pedro-living-terrace.jpg","width":1920,"height":1034},{"@type":"BreadcrumbList","@id":"https:\/\/salvia-sanpedro.com\/het-complex\/#breadcrumb","itemListElement":[{"@type":"ListItem","position":1,"name":"Home","item":"https:\/\/salvia-sanpedro.com\/"},{"@type":"ListItem","position":2,"name":"Salvia San Pedro"}]},{"@type":"WebSite","@id":"https:\/\/salvia-sanpedro.com\/#website","url":"https:\/\/salvia-sanpedro.com\/","name":"Salvia - San Pedro","description":"","potentialAction":[{"@type":"SearchAction","target":{"@type":"EntryPoint","urlTemplate":"https:\/\/salvia-sanpedro.com\/?s={search_term_string}"},"query-input":{"@type":"PropertyValueSpecification","valueRequired":true,"valueName":"search_term_string"}}],"inLanguage":"cs"}]}},"_links":{"self":[{"href":"https:\/\/salvia-sanpedro.com\/cs\/wp-json\/wp\/v2\/pages\/95","targetHints":{"allow":["GET"]}}],"collection":[{"href":"https:\/\/salvia-sanpedro.com\/cs\/wp-json\/wp\/v2\/pages"}],"about":[{"href":"https:\/\/salvia-sanpedro.com\/cs\/wp-json\/wp\/v2\/types\/page"}],"author":[{"embeddable":true,"href":"https:\/\/salvia-sanpedro.com\/cs\/wp-json\/wp\/v2\/users\/1"}],"replies":[{"embeddable":true,"href":"https:\/\/salvia-sanpedro.com\/cs\/wp-json\/wp\/v2\/comments?post=95"}],"version-history":[{"count":54,"href":"https:\/\/salvia-sanpedro.com\/cs\/wp-json\/wp\/v2\/pages\/95\/revisions"}],"predecessor-version":[{"id":4346,"href":"https:\/\/salvia-sanpedro.com\/cs\/wp-json\/wp\/v2\/pages\/95\/revisions\/4346"}],"wp:featuredmedia":[{"embeddable":true,"href":"https:\/\/salvia-sanpedro.com\/cs\/wp-json\/wp\/v2\/media\/4295"}],"wp:attachment":[{"href":"https:\/\/salvia-sanpedro.com\/cs\/wp-json\/wp\/v2\/media?parent=95"}],"curies":[{"name":"wp","href":"https:\/\/api.w.org\/{rel}","templated":true}]}}